{"id":13534,"date":"2026-04-18T14:49:57","date_gmt":"2026-04-18T13:49:57","guid":{"rendered":"https:\/\/siget-dizala.hr\/?page_id=13534"},"modified":"2026-04-18T14:50:49","modified_gmt":"2026-04-18T13:50:49","slug":"privacy-policy","status":"publish","type":"page","link":"https:\/\/siget-dizala.hr\/de\/privacy-policy\/","title":{"rendered":"Privacy Policy"},"content":{"rendered":"<div class=\"fusion-fullwidth fullwidth-box fusion-builder-row-1 fusion-flex-container nonhundred-percent-fullwidth non-hundred-percent-height-scrolling\" style=\"background-color: #ffffff;background-position: center center;background-repeat: no-repeat;border-width: 0px 0px 0px 0px;border-color:#eae9e9;border-style:solid;\" ><div class=\"fusion-builder-row fusion-row fusion-flex-align-items-flex-start\" style=\"max-width:1144px;margin-left: calc(-4% \/ 2 );margin-right: calc(-4% \/ 2 );\"><div class=\"fusion-layout-column fusion_builder_column fusion-builder-column-0 fusion_builder_column_1_1 1_1 fusion-flex-column\"><div class=\"fusion-column-wrapper fusion-flex-justify-content-flex-start fusion-content-layout-column\" style=\"background-position:left top;background-repeat:no-repeat;-webkit-background-size:cover;-moz-background-size:cover;-o-background-size:cover;background-size:cover;padding: 0px 0px 0px 0px;\"><p><em>Letzte Aktualisierung: 18. April 2026.<\/em><\/p>\n\n<h2>1. Allgemeines<\/h2>\n<p>\nDie SIGET DIZALA d.o.o. (nachfolgend \"wir\", \"uns\") respektiert Ihre Privatsph\u00e4re und verpflichtet sich, Ihre personenbezogenen Daten gem\u00e4\u00df der Datenschutz-Grundverordnung (DSGVO) zu sch\u00fctzen.\n<\/p>\n\n<h2>2. Verantwortlicher<\/h2>\n<p>\n<strong>SIGET DIZALA d.o.o.<\/strong><br>\nPre\u010dko 61, 10000 Zagreb<br>\nOIB: 19841995263<br>\nEmail: <a href=\"mailto:info@siget-dizala.hr\">info@siget-dizala.hr<\/a><br>\nTelefon: +385 1 3867 580\n<\/p>\n\n<h2>3. Welche Daten wir erheben<\/h2>\n<p>\nWir erheben nur Daten, die Sie freiwillig \u00fcber das Kontaktformular oder per E-Mail bereitstellen:\n<\/p>\n<ul>\n  <li>Vor- und Nachname<\/li>\n  <li>E-Mail-Adresse<\/li>\n  <li>Telefonnummer (optional)<\/li>\n  <li>Nachrichteninhalt<\/li>\n<\/ul>\n\n<h2>4. Zweck der Verarbeitung<\/h2>\n<p>\nWir verwenden Ihre Daten ausschlie\u00dflich f\u00fcr:\n<\/p>\n<ul>\n  <li>die Beantwortung Ihrer Anfrage<\/li>\n  <li>die Erstellung eines Angebots<\/li>\n  <li>die Kommunikation bez\u00fcglich unserer Dienstleistungen<\/li>\n<\/ul>\n\n<h2>5. Rechtsgrundlage<\/h2>\n<p>\nDie Verarbeitung erfolgt auf Grundlage Ihrer Einwilligung (Art. 6 Abs. 1 lit. a DSGVO) und\/oder vorvertraglicher Ma\u00dfnahmen (Art. 6 Abs. 1 lit. b DSGVO).\n<\/p>\n\n<h2>6. Speicherdauer<\/h2>\n<p>\nWir speichern Ihre Daten nur so lange, wie es f\u00fcr die Erf\u00fcllung des Zwecks erforderlich ist oder gesetzlichen Verpflichtungen entspricht.\n<\/p>\n\n<h2>7. Weitergabe der Daten<\/h2>\n<p>\nWir geben Ihre personenbezogenen Daten nicht an Dritte weiter, es sei denn, dies ist gesetzlich vorgeschrieben oder zur Erbringung unserer Dienstleistungen erforderlich.\n<\/p>\n\n<h2>8. Ihre Rechte<\/h2>\n<p>\nSie haben das Recht auf:\n<\/p>\n<ul>\n  <li>Auskunft \u00fcber Ihre Daten<\/li>\n  <li>Berichtigung unrichtiger Daten<\/li>\n  <li>L\u00f6schung der Daten (\"Recht auf Vergessenwerden\")<\/li>\n  <li>Einschr\u00e4nkung der Verarbeitung<\/li>\n  <li>Widerruf der Einwilligung<\/li>\n  <li>Beschwerde bei der Aufsichtsbeh\u00f6rde einlegen<\/li>\n<\/ul>\n\n<h2>9. Cookies<\/h2>\n<p>\nUnsere Website verwendet Cookies f\u00fcr grundlegende Funktionen und Analysen (Google Analytics). Sie k\u00f6nnen die Cookie-Einstellungen in Ihrem Browser verwalten.\n<\/p>\n\n<h2>10. Kontakt<\/h2>\n<p>\nBei Fragen zum Datenschutz kontaktieren Sie uns unter:<br>\n\u2709\ufe0f <a href=\"mailto:info@siget-dizala.hr\">info@siget-dizala.hr<\/a>\n<\/p><\/div><style type=\"text\/css\">.fusion-body .fusion-builder-column-0{width:100% !important;margin-top : 0px;margin-bottom : 20px;}.fusion-builder-column-0 > .fusion-column-wrapper {padding-top : 0px !important;padding-right : 0px !important;margin-right : 1.92%;padding-bottom : 0px !important;padding-left : 0px !important;margin-left : 1.92%;}@media only screen and (max-width:1024px) {.fusion-body .fusion-builder-column-0{width:100% !important;order : 0;}.fusion-builder-column-0 > .fusion-column-wrapper {margin-right : 1.92%;margin-left : 1.92%;}}@media only screen and (max-width:640px) {.fusion-body .fusion-builder-column-0{width:100% !important;order : 0;}.fusion-builder-column-0 > .fusion-column-wrapper {margin-right : 1.92%;margin-left : 1.92%;}}<\/style><\/div><\/div><style type=\"text\/css\">.fusion-body .fusion-flex-container.fusion-builder-row-1{ padding-top : 0px;margin-top : 0px;padding-right : 0px;padding-bottom : 0px;margin-bottom : 0px;padding-left : 0px;}<\/style><\/div>","protected":false},"excerpt":{"rendered":"","protected":false},"author":3,"featured_media":0,"parent":0,"menu_order":0,"comment_status":"closed","ping_status":"closed","template":"","meta":{"footnotes":""},"class_list":["post-13534","page","type-page","status-publish","hentry"],"_links":{"self":[{"href":"https:\/\/siget-dizala.hr\/de\/wp-json\/wp\/v2\/pages\/13534","targetHints":{"allow":["GET"]}}],"collection":[{"href":"https:\/\/siget-dizala.hr\/de\/wp-json\/wp\/v2\/pages"}],"about":[{"href":"https:\/\/siget-dizala.hr\/de\/wp-json\/wp\/v2\/types\/page"}],"author":[{"embeddable":true,"href":"https:\/\/siget-dizala.hr\/de\/wp-json\/wp\/v2\/users\/3"}],"replies":[{"embeddable":true,"href":"https:\/\/siget-dizala.hr\/de\/wp-json\/wp\/v2\/comments?post=13534"}],"version-history":[{"count":3,"href":"https:\/\/siget-dizala.hr\/de\/wp-json\/wp\/v2\/pages\/13534\/revisions"}],"predecessor-version":[{"id":13538,"href":"https:\/\/siget-dizala.hr\/de\/wp-json\/wp\/v2\/pages\/13534\/revisions\/13538"}],"wp:attachment":[{"href":"https:\/\/siget-dizala.hr\/de\/wp-json\/wp\/v2\/media?parent=13534"}],"curies":[{"name":"wp","href":"https:\/\/api.w.org\/{rel}","templated":true}]}}