{"id":13529,"date":"2026-04-18T14:46:04","date_gmt":"2026-04-18T13:46:04","guid":{"rendered":"https:\/\/siget-dizala.hr\/?page_id=13529"},"modified":"2026-04-18T14:48:44","modified_gmt":"2026-04-18T13:48:44","slug":"impressum","status":"publish","type":"page","link":"https:\/\/siget-dizala.hr\/de\/impressum\/","title":{"rendered":"impressum"},"content":{"rendered":"<div class=\"fusion-fullwidth fullwidth-box fusion-builder-row-1 fusion-flex-container nonhundred-percent-fullwidth non-hundred-percent-height-scrolling\" style=\"background-color: #ffffff;background-position: center center;background-repeat: no-repeat;border-width: 0px 0px 0px 0px;border-color:#eae9e9;border-style:solid;\" ><div class=\"fusion-builder-row fusion-row fusion-flex-align-items-flex-start\" style=\"max-width:1144px;margin-left: calc(-4% \/ 2 );margin-right: calc(-4% \/ 2 );\"><div class=\"fusion-layout-column fusion_builder_column fusion-builder-column-0 fusion_builder_column_1_1 1_1 fusion-flex-column\"><div class=\"fusion-column-wrapper fusion-flex-justify-content-flex-start fusion-content-layout-column\" style=\"background-position:left top;background-repeat:no-repeat;-webkit-background-size:cover;-moz-background-size:cover;-o-background-size:cover;background-size:cover;padding: 0px 0px 0px 0px;\"><h2>Firmeninformationen<\/h2>\n\n<p>\n<strong>SIGET DIZALA d.o.o.<\/strong><br>\nf\u00fcr Planung, Herstellung und Montage von Aufz\u00fcgen\n<\/p>\n\n<p>\n\ud83d\udccd Pre\u010dko 61, 10000 Zagreb, Kroatien<br>\n\ud83d\udcde +385 1 3867 580<br>\n\u2709\ufe0f <a href=\"mailto:info@siget-dizala.hr\">info@siget-dizala.hr<\/a>\n<\/p>\n\n<h3>Grunddaten<\/h3>\n\n<ul>\n  <li><strong>MB:<\/strong> 2636123<\/li>\n  <li><strong>OIB:<\/strong> 19841995263<\/li>\n  <li><strong>Gesch\u00e4ftsf\u00fchrer:<\/strong> Kre\u0161imir Bo\u0161kovi\u0107<\/li>\n  <li><strong>Stammkapital:<\/strong> 20.000,00 kn vollst\u00e4ndig eingezahlt<\/li>\n<\/ul>\n\n<h3>Handelsregister<\/h3>\n\n<p>\nDas Unternehmen ist im Handelsgericht Zagreb unter der Nummer Tt-15\/26866-2 eingetragen.\n<\/p>\n\n<h3>Gesch\u00e4ftsbanken<\/h3>\n\n<p>\n<strong>Zagreba\u010dka banka d.d.<\/strong><br>\nTrg bana Josipa Jela\u010di\u0107a 10, Zagreb<br>\nIBAN: HR59 2360000 1102138819\n<\/p>\n\n<p>\n<strong>Hrvatska po\u0161tanska banka d.d.<\/strong><br>\nJuri\u0161i\u0107eva ulica 4, Zagreb<br>\nIBAN: HR17 2503007 1100098438\n<\/p><\/div><style type=\"text\/css\">.fusion-body .fusion-builder-column-0{width:100% !important;margin-top : 0px;margin-bottom : 20px;}.fusion-builder-column-0 > .fusion-column-wrapper {padding-top : 0px !important;padding-right : 0px !important;margin-right : 1.92%;padding-bottom : 0px !important;padding-left : 0px !important;margin-left : 1.92%;}@media only screen and (max-width:1024px) {.fusion-body .fusion-builder-column-0{width:100% !important;order : 0;}.fusion-builder-column-0 > .fusion-column-wrapper {margin-right : 1.92%;margin-left : 1.92%;}}@media only screen and (max-width:640px) {.fusion-body .fusion-builder-column-0{width:100% !important;order : 0;}.fusion-builder-column-0 > .fusion-column-wrapper {margin-right : 1.92%;margin-left : 1.92%;}}<\/style><\/div><\/div><style type=\"text\/css\">.fusion-body .fusion-flex-container.fusion-builder-row-1{ padding-top : 0px;margin-top : 0px;padding-right : 0px;padding-bottom : 0px;margin-bottom : 0px;padding-left : 0px;}<\/style><\/div>","protected":false},"excerpt":{"rendered":"","protected":false},"author":3,"featured_media":0,"parent":0,"menu_order":0,"comment_status":"closed","ping_status":"closed","template":"","meta":{"footnotes":""},"class_list":["post-13529","page","type-page","status-publish","hentry"],"_links":{"self":[{"href":"https:\/\/siget-dizala.hr\/de\/wp-json\/wp\/v2\/pages\/13529","targetHints":{"allow":["GET"]}}],"collection":[{"href":"https:\/\/siget-dizala.hr\/de\/wp-json\/wp\/v2\/pages"}],"about":[{"href":"https:\/\/siget-dizala.hr\/de\/wp-json\/wp\/v2\/types\/page"}],"author":[{"embeddable":true,"href":"https:\/\/siget-dizala.hr\/de\/wp-json\/wp\/v2\/users\/3"}],"replies":[{"embeddable":true,"href":"https:\/\/siget-dizala.hr\/de\/wp-json\/wp\/v2\/comments?post=13529"}],"version-history":[{"count":3,"href":"https:\/\/siget-dizala.hr\/de\/wp-json\/wp\/v2\/pages\/13529\/revisions"}],"predecessor-version":[{"id":13533,"href":"https:\/\/siget-dizala.hr\/de\/wp-json\/wp\/v2\/pages\/13529\/revisions\/13533"}],"wp:attachment":[{"href":"https:\/\/siget-dizala.hr\/de\/wp-json\/wp\/v2\/media?parent=13529"}],"curies":[{"name":"wp","href":"https:\/\/api.w.org\/{rel}","templated":true}]}}