{"id":12644,"date":"2017-04-18T14:44:15","date_gmt":"2017-04-18T14:44:15","guid":{"rendered":"http:\/\/siget-dizala.e-ito.hr\/bolnicka-dizala-2\/"},"modified":"2023-11-19T20:22:06","modified_gmt":"2023-11-19T19:22:06","slug":"montaza-i-servis-dizala","status":"publish","type":"page","link":"https:\/\/siget-dizala.hr\/de\/montaza-i-servis-dizala\/","title":{"rendered":"Dienstleistungen"},"content":{"rendered":"<p><div class=\"fusion-fullwidth fullwidth-box fusion-builder-row-10 nonhundred-percent-fullwidth non-hundred-percent-height-scrolling\" style=\"background-color: #ffffff;background-position: center center;background-repeat: no-repeat;padding-top:0px;padding-right:0px;padding-bottom:0px;padding-left:0px;margin-bottom: 20px;margin-top: 0px;border-width: 0px 0px 0px 0px;border-color:#eae9e9;border-style:solid;\" ><div class=\"fusion-builder-row fusion-row\"><div class=\"fusion-layout-column fusion_builder_column fusion-builder-column-18 fusion_builder_column_1_2 1_2 fusion-one-half fusion-column-first\" style=\"width:48%; margin-right: 4%;margin-top:0px;margin-bottom:20px;\"><div class=\"fusion-column-wrapper fusion-flex-column-wrapper-legacy\" style=\"background-position:left top;background-repeat:no-repeat;-webkit-background-size:cover;-moz-background-size:cover;-o-background-size:cover;background-size:cover;padding: 0px 0px 0px 0px;\"><span class=\" fusion-imageframe imageframe-none imageframe-9 hover-type-none\"><img decoding=\"async\" width=\"1024\" height=\"768\" title=\"SIGET-DIZALA_Savjetovanje\" src=\"http:\/\/siget-dizala.hr\/wp-content\/uploads\/2017\/04\/SIGET-DIZALA_Savjetovanje-1024x768.jpeg\" alt class=\"img-responsive wp-image-12834\" srcset=\"https:\/\/siget-dizala.hr\/wp-content\/uploads\/2017\/04\/SIGET-DIZALA_Savjetovanje-200x150.jpeg 200w, https:\/\/siget-dizala.hr\/wp-content\/uploads\/2017\/04\/SIGET-DIZALA_Savjetovanje-400x300.jpeg 400w, https:\/\/siget-dizala.hr\/wp-content\/uploads\/2017\/04\/SIGET-DIZALA_Savjetovanje-600x450.jpeg 600w, https:\/\/siget-dizala.hr\/wp-content\/uploads\/2017\/04\/SIGET-DIZALA_Savjetovanje-800x600.jpeg 800w, https:\/\/siget-dizala.hr\/wp-content\/uploads\/2017\/04\/SIGET-DIZALA_Savjetovanje-1200x900.jpeg 1200w, https:\/\/siget-dizala.hr\/wp-content\/uploads\/2017\/04\/SIGET-DIZALA_Savjetovanje.jpeg 1760w\" sizes=\"(max-width: 800px) 100vw, 600px\" \/><\/span><div class=\"fusion-clearfix\"><\/div><\/div><\/div><div class=\"fusion-layout-column fusion_builder_column fusion-builder-column-19 fusion_builder_column_1_2 1_2 fusion-one-half fusion-column-last\" style=\"width:48%;margin-top:0px;margin-bottom:20px;\"><div class=\"fusion-column-wrapper fusion-flex-column-wrapper-legacy\" style=\"background-position:left top;background-repeat:no-repeat;-webkit-background-size:cover;-moz-background-size:cover;-o-background-size:cover;background-size:cover;padding: 0px 0px 0px 0px;\"><style type=\"text\/css\"><\/style><div class=\"fusion-title title fusion-title-9 sep-underline sep-solid fusion-title-text fusion-title-size-two\" style=\"border-bottom-color:#e0dede;margin-top:0px;margin-right:0px;margin-bottom:30px;margin-left:0px;\"><h2 class=\"title-heading-right fusion-responsive-typography-calculated\" style=\"margin:0;--fontSize:18;--minFontSize:18px;line-height:1.5;\">Beratung<\/h2><\/div><div class=\"fusion-text fusion-text-9\"><p>Wollen Sie einen Aufzug und wissen nicht, welche Art von Aufzug am besten f\u00fcr Ihre Anlage geeignet ist? Ben\u00f6tigen Sie einen speziellen Aufzug aufgrund Ihrer baulichen Einschr\u00e4nkungen? <a href=\"http:\/\/siget-dizala.hr\/de\/kontakt\/\">Kontaktieren Sie uns<\/a> und unsere Ingenieure werden zu Ihnen kommen, Sie beraten und Ihnen die beste technische L\u00f6sung bieten.<\/p>\n<\/div><div class=\"fusion-sep-clear\"><\/div><div class=\"fusion-separator fusion-full-width-sep\" style=\"margin-left: auto;margin-right: auto;margin-top:-30px;width:100%;\"><\/div><div class=\"fusion-sep-clear\"><\/div><div class=\"fusion-clearfix\"><\/div><\/div><\/div><\/div><\/div><div class=\"fusion-fullwidth fullwidth-box fusion-builder-row-11 nonhundred-percent-fullwidth non-hundred-percent-height-scrolling\" style=\"background-color: #ffffff;background-position: center center;background-repeat: no-repeat;padding-top:0px;padding-right:0px;padding-bottom:0px;padding-left:0px;margin-bottom: 20px;margin-top: 0px;border-width: 0px 0px 0px 0px;border-color:#eae9e9;border-style:solid;\" ><div class=\"fusion-builder-row fusion-row\"><div class=\"fusion-layout-column fusion_builder_column fusion-builder-column-20 fusion_builder_column_1_2 1_2 fusion-one-half fusion-column-first\" style=\"width:48%; margin-right: 4%;margin-top:0px;margin-bottom:20px;\"><div class=\"fusion-column-wrapper fusion-flex-column-wrapper-legacy\" style=\"background-position:left top;background-repeat:no-repeat;-webkit-background-size:cover;-moz-background-size:cover;-o-background-size:cover;background-size:cover;padding: 0px 0px 0px 0px;\"><style type=\"text\/css\"><\/style><div class=\"fusion-title title fusion-title-10 sep-underline sep-solid fusion-title-text fusion-title-size-two\" style=\"border-bottom-color:#e0dede;margin-top:0px;margin-right:0px;margin-bottom:30px;margin-left:0px;\"><h2 class=\"title-heading-left fusion-responsive-typography-calculated\" style=\"margin:0;--fontSize:18;--minFontSize:18px;line-height:1.5;\">Planung<\/h2><\/div><div class=\"fusion-text fusion-text-10\"><p>Wir stellen Haupt- und ausf\u00fchrliche Entw\u00fcrfe von Aufz\u00fcgen her, die f\u00fcr die endg\u00fcltige Realisierung der Anlage erforderlich sind. Unser Team der erfahrenen Ingenieure wird Ihnen dabei helfen, die beste L\u00f6sung f\u00fcr Ihren Raum zu finden, sowie bei der Integration von Aufz\u00fcgen im Innern des Geb\u00e4udes.<\/p>\n<\/div><div class=\"fusion-sep-clear\"><\/div><div class=\"fusion-separator fusion-full-width-sep\" style=\"margin-left: auto;margin-right: auto;margin-top:-30px;width:100%;\"><\/div><div class=\"fusion-sep-clear\"><\/div><div class=\"fusion-clearfix\"><\/div><\/div><\/div><div class=\"fusion-layout-column fusion_builder_column fusion-builder-column-21 fusion_builder_column_1_2 1_2 fusion-one-half fusion-column-last\" style=\"width:48%;margin-top:0px;margin-bottom:20px;\"><div class=\"fusion-column-wrapper fusion-flex-column-wrapper-legacy\" style=\"background-position:left top;background-repeat:no-repeat;-webkit-background-size:cover;-moz-background-size:cover;-o-background-size:cover;background-size:cover;padding: 0px 0px 0px 0px;\"><span class=\" fusion-imageframe imageframe-none imageframe-10 hover-type-none\"><img decoding=\"async\" src=\"http:\/\/siget-dizala.hr\/wp-content\/uploads\/2017\/04\/SIGET-DIZALA_projektiranje-1024x768.jpg\" alt class=\"img-responsive\"\/><\/span><div class=\"fusion-clearfix\"><\/div><\/div><\/div><\/div><\/div><div class=\"fusion-fullwidth fullwidth-box fusion-builder-row-12 nonhundred-percent-fullwidth non-hundred-percent-height-scrolling\" style=\"background-color: #ffffff;background-position: center center;background-repeat: no-repeat;padding-top:0px;padding-right:0px;padding-bottom:0px;padding-left:0px;margin-bottom: 20px;margin-top: 0px;border-width: 0px 0px 0px 0px;border-color:#eae9e9;border-style:solid;\" ><div class=\"fusion-builder-row fusion-row\"><div class=\"fusion-layout-column fusion_builder_column fusion-builder-column-22 fusion_builder_column_1_2 1_2 fusion-one-half fusion-column-first\" style=\"width:48%; margin-right: 4%;margin-top:0px;margin-bottom:20px;\"><div class=\"fusion-column-wrapper fusion-flex-column-wrapper-legacy\" style=\"background-position:left top;background-repeat:no-repeat;-webkit-background-size:cover;-moz-background-size:cover;-o-background-size:cover;background-size:cover;padding: 0px 0px 0px 0px;\"><span class=\" fusion-imageframe imageframe-none imageframe-11 hover-type-none\"><img decoding=\"async\" width=\"1024\" height=\"768\" title=\"SIGET_DIZALA_montaza_dizala\" src=\"http:\/\/siget-dizala.hr\/wp-content\/uploads\/2017\/04\/SIGET_DIZALA_montaza_dizala-1024x768.jpg\" alt class=\"img-responsive wp-image-12831\" srcset=\"https:\/\/siget-dizala.hr\/wp-content\/uploads\/2017\/04\/SIGET_DIZALA_montaza_dizala-200x150.jpg 200w, https:\/\/siget-dizala.hr\/wp-content\/uploads\/2017\/04\/SIGET_DIZALA_montaza_dizala-400x300.jpg 400w, https:\/\/siget-dizala.hr\/wp-content\/uploads\/2017\/04\/SIGET_DIZALA_montaza_dizala-600x450.jpg 600w, https:\/\/siget-dizala.hr\/wp-content\/uploads\/2017\/04\/SIGET_DIZALA_montaza_dizala-800x600.jpg 800w, https:\/\/siget-dizala.hr\/wp-content\/uploads\/2017\/04\/SIGET_DIZALA_montaza_dizala-1200x900.jpg 1200w, https:\/\/siget-dizala.hr\/wp-content\/uploads\/2017\/04\/SIGET_DIZALA_montaza_dizala.jpg 2592w\" sizes=\"(max-width: 800px) 100vw, 600px\" \/><\/span><div class=\"fusion-clearfix\"><\/div><\/div><\/div><div class=\"fusion-layout-column fusion_builder_column fusion-builder-column-23 fusion_builder_column_1_2 1_2 fusion-one-half fusion-column-last\" style=\"width:48%;margin-top:0px;margin-bottom:20px;\"><div class=\"fusion-column-wrapper fusion-flex-column-wrapper-legacy\" style=\"background-position:left top;background-repeat:no-repeat;-webkit-background-size:cover;-moz-background-size:cover;-o-background-size:cover;background-size:cover;padding: 0px 0px 0px 0px;\"><style type=\"text\/css\"><\/style><div class=\"fusion-title title fusion-title-11 sep-underline sep-solid fusion-title-text fusion-title-size-two\" style=\"border-bottom-color:#e0dede;margin-top:0px;margin-right:0px;margin-bottom:30px;margin-left:0px;\"><h2 class=\"title-heading-right fusion-responsive-typography-calculated\" style=\"margin:0;--fontSize:18;--minFontSize:18px;line-height:1.5;\">Montage der Aufz\u00fcge<\/h2><\/div><div class=\"fusion-text fusion-text-11\"><p>Die Montage der Aufzugsanlage erfolgt gem\u00e4\u00df den h\u00f6chsten Sicherheitsstandards innerhalb der k\u00fcrzesten m\u00f6glichen Frist. Da es manuell durchgef\u00fchrt wird, w\u00e4hlt ein erfahrener und professioneller Installateur f\u00fcr jede spezifische Situation die am besten geeignete Installation.<\/p>\n<\/div><div class=\"fusion-sep-clear\"><\/div><div class=\"fusion-separator fusion-full-width-sep\" style=\"margin-left: auto;margin-right: auto;margin-top:-30px;width:100%;\"><\/div><div class=\"fusion-sep-clear\"><\/div><div class=\"fusion-clearfix\"><\/div><\/div><\/div><\/div><\/div><div class=\"fusion-fullwidth fullwidth-box fusion-builder-row-13 nonhundred-percent-fullwidth non-hundred-percent-height-scrolling\" style=\"background-color: #ffffff;background-position: center center;background-repeat: no-repeat;padding-top:0px;padding-right:0px;padding-bottom:0px;padding-left:0px;margin-bottom: 20px;margin-top: 0px;border-width: 0px 0px 0px 0px;border-color:#eae9e9;border-style:solid;\" ><div class=\"fusion-builder-row fusion-row\"><div class=\"fusion-layout-column fusion_builder_column fusion-builder-column-24 fusion_builder_column_1_2 1_2 fusion-one-half fusion-column-first\" style=\"width:48%; margin-right: 4%;margin-top:0px;margin-bottom:20px;\"><div class=\"fusion-column-wrapper fusion-flex-column-wrapper-legacy\" style=\"background-position:left top;background-repeat:no-repeat;-webkit-background-size:cover;-moz-background-size:cover;-o-background-size:cover;background-size:cover;padding: 0px 0px 0px 0px;\"><style type=\"text\/css\"><\/style><div class=\"fusion-title title fusion-title-12 sep-underline sep-solid fusion-title-text fusion-title-size-two\" style=\"border-bottom-color:#e0dede;margin-top:0px;margin-right:0px;margin-bottom:30px;margin-left:0px;\"><h2 class=\"title-heading-left fusion-responsive-typography-calculated\" style=\"margin:0;--fontSize:18;--minFontSize:18px;line-height:1.5;\">Wartung von Aufz\u00fcgen<\/h2><\/div><div class=\"fusion-text fusion-text-12\"><p>F\u00fcr alle unsere Aufz\u00fcge bieten wir Ihnen unseren Kundenservice an. Regelm\u00e4\u00dfiger Aufzugservice sorgt f\u00fcr seinen reibungslosen Betrieb und die Sicherheit der Aufz\u00fcge. Den Vorschriften \u00fcber die Sicherheit von Aufz\u00fcgen und der Verantwortlichkeit der Mitinhaber des Geb\u00e4udes entsprechend, ist eine regelm\u00e4\u00dfige Wartung von Aufz\u00fcgen und technischen Kontrolle unsererseits zu gew\u00e4hrleisten. Eine regelm\u00e4\u00dfige Wartung des Aufzugs wird einmal im Monat durchgef\u00fchrt! Nach der \u00dcberpr\u00fcfung erstellt der Techniker einen Bericht \u00fcber die Inspektion, die die m\u00f6glichen M\u00e4ngel und Reparatur des Aufzuges und jeweilige Abholungsdaten von M\u00e4ngeln angibt. Die meisten Wartungsarbeiten von Aufz\u00fcgen werden sofort durchgef\u00fchrt. Wenn dies nicht m\u00f6glich ist, wird der Aufzug au\u00dfer Betrieb gestellt und die Reparatur erfolgt so bald wie m\u00f6glich. Mitinhaber beseitigen die M\u00e4ngel auf eigene Kosten.<\/p>\n<\/div><div class=\"fusion-sep-clear\"><\/div><div class=\"fusion-separator fusion-full-width-sep\" style=\"margin-left: auto;margin-right: auto;margin-top:-30px;width:100%;\"><\/div><div class=\"fusion-sep-clear\"><\/div><div class=\"fusion-clearfix\"><\/div><\/div><\/div><div class=\"fusion-layout-column fusion_builder_column fusion-builder-column-25 fusion_builder_column_1_2 1_2 fusion-one-half fusion-column-last\" style=\"width:48%;margin-top:0px;margin-bottom:20px;\"><div class=\"fusion-column-wrapper fusion-flex-column-wrapper-legacy\" style=\"background-position:left top;background-repeat:no-repeat;-webkit-background-size:cover;-moz-background-size:cover;-o-background-size:cover;background-size:cover;padding: 0px 0px 0px 0px;\"><span class=\" fusion-imageframe imageframe-none imageframe-12 hover-type-none\"><img decoding=\"async\" width=\"1024\" height=\"768\" title=\"SIGET_DIZALA_odrzavanje\" src=\"http:\/\/siget-dizala.hr\/wp-content\/uploads\/2017\/04\/SIGET_DIZALA_odrzavanje-1024x768.jpg\" alt class=\"img-responsive wp-image-12832\" srcset=\"https:\/\/siget-dizala.hr\/wp-content\/uploads\/2017\/04\/SIGET_DIZALA_odrzavanje-200x150.jpg 200w, https:\/\/siget-dizala.hr\/wp-content\/uploads\/2017\/04\/SIGET_DIZALA_odrzavanje-400x300.jpg 400w, https:\/\/siget-dizala.hr\/wp-content\/uploads\/2017\/04\/SIGET_DIZALA_odrzavanje-600x450.jpg 600w, https:\/\/siget-dizala.hr\/wp-content\/uploads\/2017\/04\/SIGET_DIZALA_odrzavanje-800x600.jpg 800w, https:\/\/siget-dizala.hr\/wp-content\/uploads\/2017\/04\/SIGET_DIZALA_odrzavanje-1200x900.jpg 1200w, https:\/\/siget-dizala.hr\/wp-content\/uploads\/2017\/04\/SIGET_DIZALA_odrzavanje.jpg 3000w\" sizes=\"(max-width: 800px) 100vw, 600px\" \/><\/span><div class=\"fusion-clearfix\"><\/div><\/div><\/div><\/div><\/div><\/p>","protected":false},"excerpt":{"rendered":"","protected":false},"author":1,"featured_media":0,"parent":0,"menu_order":0,"comment_status":"closed","ping_status":"closed","template":"100-width.php","meta":{"footnotes":""},"class_list":["post-12644","page","type-page","status-publish","hentry"],"_links":{"self":[{"href":"https:\/\/siget-dizala.hr\/de\/wp-json\/wp\/v2\/pages\/12644","targetHints":{"allow":["GET"]}}],"collection":[{"href":"https:\/\/siget-dizala.hr\/de\/wp-json\/wp\/v2\/pages"}],"about":[{"href":"https:\/\/siget-dizala.hr\/de\/wp-json\/wp\/v2\/types\/page"}],"author":[{"embeddable":true,"href":"https:\/\/siget-dizala.hr\/de\/wp-json\/wp\/v2\/users\/1"}],"replies":[{"embeddable":true,"href":"https:\/\/siget-dizala.hr\/de\/wp-json\/wp\/v2\/comments?post=12644"}],"version-history":[{"count":15,"href":"https:\/\/siget-dizala.hr\/de\/wp-json\/wp\/v2\/pages\/12644\/revisions"}],"predecessor-version":[{"id":13061,"href":"https:\/\/siget-dizala.hr\/de\/wp-json\/wp\/v2\/pages\/12644\/revisions\/13061"}],"wp:attachment":[{"href":"https:\/\/siget-dizala.hr\/de\/wp-json\/wp\/v2\/media?parent=12644"}],"curies":[{"name":"wp","href":"https:\/\/api.w.org\/{rel}","templated":true}]}}