{"id":12626,"date":"2017-04-18T14:05:21","date_gmt":"2017-04-18T14:05:21","guid":{"rendered":"http:\/\/siget-dizala.e-ito.hr\/bolnicka-dizala-2\/"},"modified":"2017-08-03T12:41:45","modified_gmt":"2017-08-03T12:41:45","slug":"konstrukcije-za-dizala","status":"publish","type":"page","link":"https:\/\/siget-dizala.hr\/de\/proizvodi\/konstrukcije-za-dizala\/","title":{"rendered":"Aufzugskonstruktionen"},"content":{"rendered":"<p><div class=\"fusion-fullwidth fullwidth-box fusion-builder-row-5 nonhundred-percent-fullwidth non-hundred-percent-height-scrolling\" style=\"background-color: #ffffff;background-position: center center;background-repeat: no-repeat;padding-top:0px;padding-right:0px;padding-bottom:0px;padding-left:0px;margin-bottom: 20px;margin-top: 20px;border-width: 0px 0px 0px 0px;border-color:#eae9e9;border-style:solid;\" ><div class=\"fusion-builder-row fusion-row\"><div class=\"fusion-layout-column fusion_builder_column fusion-builder-column-8 fusion_builder_column_1_2 1_2 fusion-one-half fusion-column-first\" style=\"width:48%; margin-right: 4%;margin-top:0px;margin-bottom:20px;\"><div class=\"fusion-column-wrapper fusion-flex-column-wrapper-legacy\" style=\"background-position:left top;background-repeat:no-repeat;-webkit-background-size:cover;-moz-background-size:cover;-o-background-size:cover;background-size:cover;padding: 0px 0px 0px 0px;\"><span class=\" fusion-imageframe imageframe-none imageframe-3 hover-type-none\"><img decoding=\"async\" width=\"1024\" height=\"576\" title=\"SIGET_DIZALA_konstrukcije_za_dizala\" src=\"http:\/\/siget-dizala.hr\/wp-content\/uploads\/2017\/02\/SIGET_DIZALA_konstrukcije_za_dizala-1024x576.jpg\" alt class=\"img-responsive wp-image-12803\" srcset=\"https:\/\/siget-dizala.hr\/wp-content\/uploads\/2017\/02\/SIGET_DIZALA_konstrukcije_za_dizala-200x113.jpg 200w, https:\/\/siget-dizala.hr\/wp-content\/uploads\/2017\/02\/SIGET_DIZALA_konstrukcije_za_dizala-400x225.jpg 400w, https:\/\/siget-dizala.hr\/wp-content\/uploads\/2017\/02\/SIGET_DIZALA_konstrukcije_za_dizala-600x338.jpg 600w, https:\/\/siget-dizala.hr\/wp-content\/uploads\/2017\/02\/SIGET_DIZALA_konstrukcije_za_dizala-800x450.jpg 800w, https:\/\/siget-dizala.hr\/wp-content\/uploads\/2017\/02\/SIGET_DIZALA_konstrukcije_za_dizala-1200x675.jpg 1200w, https:\/\/siget-dizala.hr\/wp-content\/uploads\/2017\/02\/SIGET_DIZALA_konstrukcije_za_dizala.jpg 1536w\" sizes=\"(max-width: 800px) 100vw, 600px\" \/><\/span><div class=\"fusion-clearfix\"><\/div><\/div><\/div><div class=\"fusion-layout-column fusion_builder_column fusion-builder-column-9 fusion_builder_column_1_2 1_2 fusion-one-half fusion-column-last\" style=\"width:48%;margin-top:0px;margin-bottom:20px;\"><div class=\"fusion-column-wrapper fusion-flex-column-wrapper-legacy\" style=\"background-position:left top;background-repeat:no-repeat;-webkit-background-size:cover;-moz-background-size:cover;-o-background-size:cover;background-size:cover;padding: 0px 0px 0px 0px;\"><style type=\"text\/css\"><\/style><div class=\"fusion-title title fusion-title-3 sep-underline sep-solid fusion-title-text fusion-title-size-two\" style=\"border-bottom-color:#e0dede;margin-top:0px;margin-right:0px;margin-bottom:30px;margin-left:0px;\"><h2 class=\"title-heading-right fusion-responsive-typography-calculated\" style=\"margin:0;--fontSize:18;--minFontSize:18px;line-height:1.5;\"><p style=\"text-align: left;\">Ersatz f\u00fcr den Aufzugsschacht aus Stahlbeton<\/p><\/h2><\/div><div class=\"fusion-text fusion-text-3\"><p>Wenn es im Geb\u00e4ude keinen gemauerten Aufzugschacht gibt, planen unsere Ingenieure eine Stahlkonstruktion des Aufzuges den technischen M\u00f6glichkeiten der Auff\u00fchrung entsprechend. Gegebenenfalls, wenn erw\u00fcnscht, erzeugen und montieren wir die Stahlkonstruktion f\u00fcr einen Aufzug, die die Funktion des Aufzugschachtes aufweist.<br \/>\nAufzugsschachtkonstruktion k\u00f6nnen wir von einer breiten Palette der Materialien, die f\u00fcr die Beschichtung erforderlich sind, herstellen, angepasst an das architektonische Erscheinungsbild des Geb\u00e4udes. Aufzugskonstruktionen k\u00f6nnen wir auf der Innen- oder Au\u00dfenseite der Anlage installieren, abh\u00e4ngig von den architektonischen M\u00f6glichkeiten des Geb\u00e4udes. F\u00fcr die Au\u00dfenseite des Geb\u00e4udes ist es m\u00f6glich eine Stahlkonstruktion mit Schutzglas, W\u00e4rmed\u00e4mmplatten, gef\u00e4rbtem, verzinktem oder plastifiziertem Blech abzudecken. Im Fall der inneren Installation k\u00f6nnen auch Gipskartonplatten verwendet werden. Bei der Herstellung der Konstruktion legen wir einen gro\u00dfen Wert auf \u00e4sthetisches Aussehen, aber wir gew\u00e4hrleisten auch die erwartete Qualit\u00e4t.<\/p>\n<\/div><div class=\"fusion-sep-clear\"><\/div><div class=\"fusion-separator fusion-full-width-sep\" style=\"margin-left: auto;margin-right: auto;margin-top:-30px;width:100%;\"><\/div><div class=\"fusion-sep-clear\"><\/div><div class=\"fusion-clearfix\"><\/div><\/div><\/div><\/div><\/div><div class=\"fusion-fullwidth fullwidth-box fusion-builder-row-6 nonhundred-percent-fullwidth non-hundred-percent-height-scrolling\" style=\"background-color: #ffffff;background-position: center center;background-repeat: no-repeat;padding-top:20px;padding-right:0px;padding-bottom:20px;padding-left:0px;margin-bottom: 0px;margin-top: 0px;border-width: 0px 0px 0px 0px;border-color:#eae9e9;border-style:solid;\" ><div class=\"fusion-builder-row fusion-row\"><div class=\"fusion-layout-column fusion_builder_column fusion-builder-column-10 fusion_builder_column_1_2 1_2 fusion-one-half fusion-column-first\" style=\"width:50%;width:calc(50% - ( ( 4% ) * 0.5 ) );margin-right: 4%;margin-top:0px;margin-bottom:20px;\"><div class=\"fusion-column-wrapper fusion-flex-column-wrapper-legacy\" style=\"background-position:left top;background-repeat:no-repeat;-webkit-background-size:cover;-moz-background-size:cover;-o-background-size:cover;background-size:cover;padding: 0px 0px 0px 0px;\"><style type='text\/css'>.reading-box-container-5 .element-bottomshadow:before,.reading-box-container-5 .element-bottomshadow:after{opacity:0.7;}<\/style><div class=\"fusion-reading-box-container reading-box-container-5\" style=\"margin-top:0px;margin-bottom:84px;\"><div class=\"reading-box\" style=\"background-color:#f6f6f6;border-width:1px;border-color:#f6f6f6;border-left-width:3px;border-left-color:var(--primary_color);border-style:solid;\"><a class=\"button fusion-button button-default fusion-button-default-size button-default-size button-flat fusion-desktop-button fusion-tagline-button continue fusion-desktop-button-margin continue-right\" style=\"-webkit-box-shadow:none;-moz-box-shadow:none;box-shadow:none;border-radius:2px 2px 2px 2px\" href=\"katalog-u-izradi\/\" target=\"_self\"><span>KATALOG<\/span><\/a><h2>PDF herunterladen<\/h2><div class=\"reading-box-description fusion-reading-box-additional\">Technische Daten finden Sie im Katalog<\/div><div class=\"fusion-clearfix\"><\/div><a class=\"button fusion-button button-default fusion-button-default-size button-default-size button-flat fusion-mobile-button continue-right\" style=\"-webkit-box-shadow:none;-moz-box-shadow:none;box-shadow:none;border-radius:2px 2px 2px 2px\" href=\"katalog-u-izradi\/\" target=\"_self\"><span>KATALOG<\/span><\/a><\/div><\/div><div class=\"fusion-clearfix\"><\/div><\/div><\/div><div class=\"fusion-layout-column fusion_builder_column fusion-builder-column-11 fusion_builder_column_1_2 1_2 fusion-one-half fusion-column-last\" style=\"width:50%;width:calc(50% - ( ( 4% ) * 0.5 ) );margin-top:0px;margin-bottom:20px;\"><div class=\"fusion-column-wrapper fusion-flex-column-wrapper-legacy\" style=\"background-position:left top;background-repeat:no-repeat;-webkit-background-size:cover;-moz-background-size:cover;-o-background-size:cover;background-size:cover;padding: 0px 0px 0px 0px;\"><style type='text\/css'>.reading-box-container-6 .element-bottomshadow:before,.reading-box-container-6 .element-bottomshadow:after{opacity:0.7;}<\/style><div class=\"fusion-reading-box-container reading-box-container-6\" style=\"margin-top:0px;margin-bottom:84px;\"><div class=\"reading-box\" style=\"background-color:#f6f6f6;border-width:1px;border-color:#f6f6f6;border-left-width:3px;border-left-color:var(--primary_color);border-style:solid;\"><a class=\"button fusion-button button-default fusion-button-default-size button-default-size button-flat fusion-desktop-button fusion-tagline-button continue fusion-desktop-button-margin continue-right\" style=\"-webkit-box-shadow:none;-moz-box-shadow:none;box-shadow:none;border-radius:2px 2px 2px 2px\" href=\"katalog-u-izradi\/\" target=\"_self\"><span>Kontakt<\/span><\/a><h2>Kontaktieren Sie uns <\/h2><div class=\"reading-box-description fusion-reading-box-additional\">weitere Informationen und fordern Sie ein Angebot an<\/div><div class=\"fusion-clearfix\"><\/div><a class=\"button fusion-button button-default fusion-button-default-size button-default-size button-flat fusion-mobile-button continue-right\" style=\"-webkit-box-shadow:none;-moz-box-shadow:none;box-shadow:none;border-radius:2px 2px 2px 2px\" href=\"katalog-u-izradi\/\" target=\"_self\"><span>Kontakt<\/span><\/a><\/div><\/div><div class=\"fusion-clearfix\"><\/div><\/div><\/div><\/div><\/div><\/p>","protected":false},"excerpt":{"rendered":"","protected":false},"author":1,"featured_media":0,"parent":11980,"menu_order":0,"comment_status":"closed","ping_status":"closed","template":"100-width.php","meta":{"footnotes":""},"class_list":["post-12626","page","type-page","status-publish","hentry"],"_links":{"self":[{"href":"https:\/\/siget-dizala.hr\/de\/wp-json\/wp\/v2\/pages\/12626","targetHints":{"allow":["GET"]}}],"collection":[{"href":"https:\/\/siget-dizala.hr\/de\/wp-json\/wp\/v2\/pages"}],"about":[{"href":"https:\/\/siget-dizala.hr\/de\/wp-json\/wp\/v2\/types\/page"}],"author":[{"embeddable":true,"href":"https:\/\/siget-dizala.hr\/de\/wp-json\/wp\/v2\/users\/1"}],"replies":[{"embeddable":true,"href":"https:\/\/siget-dizala.hr\/de\/wp-json\/wp\/v2\/comments?post=12626"}],"version-history":[{"count":12,"href":"https:\/\/siget-dizala.hr\/de\/wp-json\/wp\/v2\/pages\/12626\/revisions"}],"predecessor-version":[{"id":12982,"href":"https:\/\/siget-dizala.hr\/de\/wp-json\/wp\/v2\/pages\/12626\/revisions\/12982"}],"up":[{"embeddable":true,"href":"https:\/\/siget-dizala.hr\/de\/wp-json\/wp\/v2\/pages\/11980"}],"wp:attachment":[{"href":"https:\/\/siget-dizala.hr\/de\/wp-json\/wp\/v2\/media?parent=12626"}],"curies":[{"name":"wp","href":"https:\/\/api.w.org\/{rel}","templated":true}]}}