{"id":12456,"date":"2017-04-12T07:56:05","date_gmt":"2017-04-12T07:56:05","guid":{"rendered":"http:\/\/siget-dizala.e-ito.hr\/kucna-dizala-2\/"},"modified":"2017-08-03T13:14:34","modified_gmt":"2017-08-03T13:14:34","slug":"dizala-za-invalidne-osobe","status":"publish","type":"page","link":"https:\/\/siget-dizala.hr\/de\/proizvodi\/kompletna-dizala\/dizala-za-invalidne-osobe\/","title":{"rendered":"Behindertenaufz\u00fcge"},"content":{"rendered":"<p><div class=\"fusion-fullwidth fullwidth-box fusion-builder-row-9 hundred-percent-fullwidth non-hundred-percent-height-scrolling\" style=\"background-color: #ffffff;background-position: center center;background-repeat: no-repeat;padding-top:0px;padding-right:0px;padding-bottom:0px;padding-left:0px;margin-bottom: 20px;margin-top: 0px;border-width: 0px 0px 0px 0px;border-color:#eae9e9;border-style:solid;\" ><div class=\"fusion-builder-row fusion-row\"><div class=\"fusion-layout-column fusion_builder_column fusion-builder-column-14 fusion_builder_column_1_1 1_1 fusion-one-full fusion-column-first fusion-column-last\" style=\"margin-top:0px;margin-bottom:20px;\"><div class=\"fusion-column-wrapper fusion-flex-column-wrapper-legacy\" style=\"background-position:left top;background-repeat:no-repeat;-webkit-background-size:cover;-moz-background-size:cover;-o-background-size:cover;background-size:cover;padding: 0px 0px 0px 0px;\">\t\t\t\t\t<div class=\"fusion-slider-container fusion-slider-sc-proizvod-5-slider fusion-slider-29 full-width-slider\" data-id=\"29\" data-full_height=\"\" style=\"height:600px; max-width:100%;\">\n\t\t\t\t\t\t<style type=\"text\/css\">.fusion-slider-29 .flex-direction-nav a {width:25;height:25;line-height:25;font-size:30;}<\/style>\t\t\t\t\t\t<div class=\"fusion-slider-loading\">Loading...<\/div>\n\t\t\t\t\t\t<div class=\"tfs-slider flexslider main-flex full-width-slider\" data-slider_width=\"100%\" data-slider_height=\"600px\" data-full_screen=\"0\" data-parallax=\"0\" data-nav_arrows=\"0\" data-nav_box_width=\"25\" data-nav_box_height=\"25\" data-nav_arrow_size=\"30\" data-pagination_circles=\"0\" data-autoplay=\"0\" data-loop=\"0\" data-animation=\"fade\" data-slideshow_speed=\"7000\" data-animation_speed=\"600\" data-typo_sensitivity=\"1\" data-typo_factor=\"1.5\" style=\"max-width:100%;\">\n\t\t\t\t\t\t\t<ul class=\"slides\">\n\t\t\t\t\t\t\t\t\t\t\t\t\t\t\t\t\t<li data-mute=\"yes\" data-loop=\"yes\" data-autoplay=\"yes\">\n\t\t\t\t\t\t\t\t\t\t<div class=\"slide-content-container slide-content-center\" style=\"display: none;\">\n\t\t\t\t\t\t\t\t\t\t\t<div class=\"slide-content\" style=\"\">\n\t\t\t\t\t\t\t\t\t\t\t\t\t\t\t\t\t\t\t\t\t\t\t\t\t<div class=\"heading with-bg\">\n\t\t\t\t\t\t\t\t\t\t\t\t\t\t<div class=\"fusion-title-sc-wrapper\" style=\"background-color: rgba(0,0,0, 0.4);\">\n\t\t\t\t\t\t\t\t\t\t\t\t\t\t\t<style type=\"text\/css\"><\/style><div class=\"fusion-title title fusion-title-7 fusion-sep-none fusion-title-center fusion-title-text fusion-title-size-two\" style=\"font-size:60px;margin-top:0px;margin-right:0px;margin-bottom:0px;margin-left:0px;\"><h2 class=\"title-heading-center fusion-responsive-typography-calculated\" style=\"margin:0;font-size:1em;--fontSize:60;line-height:1.33;\">Dizala za invalidne osobe<\/h2><\/div>\t\t\t\t\t\t\t\t\t\t\t\t\t\t<\/div>\n\t\t\t\t\t\t\t\t\t\t\t\t\t<\/div>\n\t\t\t\t\t\t\t\t\t\t\t\t\t\t\t\t\t\t\t\t\t\t\t\t\t\t\t\t\t\t\t\t\t\t\t\t\t\t\t\t\t\t\t\t\t\t\t<\/div>\n\t\t\t\t\t\t\t\t\t\t<\/div>\n\t\t\t\t\t\t\t\t\t\t\t\t\t\t\t\t\t\t\t\t\t\t\t\t\t\t\t\t\t\t\t\t\t\t\t\t\t\t\t\t<div class=\"background background-image\" style=\"background-image: url(https:\/\/siget-dizala.hr\/wp-content\/uploads\/2017\/04\/SIGET_DIZALA-dizala-za-invalide.jpg);max-width:100%;height:600px;filter: progid:DXImageTransform.Microsoft.AlphaImageLoader(src='https:\/\/siget-dizala.hr\/wp-content\/uploads\/2017\/04\/SIGET_DIZALA-dizala-za-invalide.jpg', sizingMethod='scale');\" data-imgwidth=\"2500\">\n\t\t\t\t\t\t\t\t\t\t\t\t\t\t\t\t\t\t\t\t\t\t\t\t\t\t\t\t\t\t\t\t\t\t\t\t\t\t\t\t\t\t\t\t\t\t\t\t\t\t\t\t\t\t\t\t\t\t\t\t\t\t\t\t\t\t<\/div>\n\t\t\t\t\t\t\t\t\t<\/li>\n\t\t\t\t\t\t\t\t\t\t\t\t\t\t\t\t\t\t\t\t\t\t\t<\/ul>\n\t\t\t\t\t\t<\/div>\n\t\t\t\t\t<\/div>\n\t\t\t\t\t\t\t\t<div class=\"fusion-clearfix\"><\/div><\/div><\/div><\/div><\/div><div class=\"fusion-fullwidth fullwidth-box fusion-builder-row-10 nonhundred-percent-fullwidth non-hundred-percent-height-scrolling\" style=\"background-color: #ffffff;background-position: center center;background-repeat: no-repeat;padding-top:0px;padding-right:0px;padding-bottom:0px;padding-left:0px;margin-bottom: 20px;margin-top: 0px;border-width: 0px 0px 0px 0px;border-color:#eae9e9;border-style:solid;\" ><div class=\"fusion-builder-row fusion-row\"><div class=\"fusion-layout-column fusion_builder_column fusion-builder-column-15 fusion_builder_column_1_2 1_2 fusion-one-half fusion-column-first\" style=\"width:48%; margin-right: 4%;margin-top:0px;margin-bottom:20px;\"><div class=\"fusion-column-wrapper fusion-flex-column-wrapper-legacy\" style=\"background-position:left top;background-repeat:no-repeat;-webkit-background-size:cover;-moz-background-size:cover;-o-background-size:cover;background-size:cover;padding: 0px 0px 0px 0px;\"><span class=\" fusion-imageframe imageframe-none imageframe-5 hover-type-none\"><img decoding=\"async\" width=\"1024\" height=\"683\" title=\"SIGET_DIZALA_dizalo-za-invalide\" src=\"http:\/\/siget-dizala.hr\/wp-content\/uploads\/2017\/04\/SIGET_DIZALA_dizalo-za-invalide-1024x683.jpg\" alt class=\"img-responsive wp-image-12776\" srcset=\"https:\/\/siget-dizala.hr\/wp-content\/uploads\/2017\/04\/SIGET_DIZALA_dizalo-za-invalide-200x133.jpg 200w, https:\/\/siget-dizala.hr\/wp-content\/uploads\/2017\/04\/SIGET_DIZALA_dizalo-za-invalide-400x267.jpg 400w, https:\/\/siget-dizala.hr\/wp-content\/uploads\/2017\/04\/SIGET_DIZALA_dizalo-za-invalide-600x400.jpg 600w, https:\/\/siget-dizala.hr\/wp-content\/uploads\/2017\/04\/SIGET_DIZALA_dizalo-za-invalide-800x534.jpg 800w, https:\/\/siget-dizala.hr\/wp-content\/uploads\/2017\/04\/SIGET_DIZALA_dizalo-za-invalide-1200x801.jpg 1200w, https:\/\/siget-dizala.hr\/wp-content\/uploads\/2017\/04\/SIGET_DIZALA_dizalo-za-invalide.jpg 2500w\" sizes=\"(max-width: 800px) 100vw, 600px\" \/><\/span><div class=\"fusion-clearfix\"><\/div><\/div><\/div><div class=\"fusion-layout-column fusion_builder_column fusion-builder-column-16 fusion_builder_column_1_2 1_2 fusion-one-half fusion-column-last\" style=\"width:48%;margin-top:0px;margin-bottom:20px;\"><div class=\"fusion-column-wrapper fusion-flex-column-wrapper-legacy\" style=\"background-position:left top;background-repeat:no-repeat;-webkit-background-size:cover;-moz-background-size:cover;-o-background-size:cover;background-size:cover;padding: 0px 0px 0px 0px;\"><style type=\"text\/css\"><\/style><div class=\"fusion-title title fusion-title-8 sep-underline sep-solid fusion-title-text fusion-title-size-two\" style=\"border-bottom-color:#e0dede;margin-top:0px;margin-right:0px;margin-bottom:30px;margin-left:0px;\"><h2 class=\"title-heading-right fusion-responsive-typography-calculated\" style=\"margin:0;--fontSize:18;--minFontSize:18px;line-height:1.5;\">Das grundlegende Mittel zum Leben<\/h2><\/div><div class=\"fusion-text fusion-text-5\"><p>Jede Person sollte die M\u00f6glichkeit eines leichten Zugangs zu ihrer Wohnung, ihrem Arbeitsplatz oder einem \u00f6ffentlichen Bereich haben. Aufz\u00fcge f\u00fcr Behinderte erleichtern den vertikalen Transport f\u00fcr Menschen mit Behinderung sowie Personen mit eingeschr\u00e4nkter Mobilit\u00e4t. Sie sind ideal f\u00fcr Senioren, Personen mit eingeschr\u00e4nkter Mobilit\u00e4t und behinderte Menschen im Rollstuhl. Aufz\u00fcge f\u00fcr Behinderte fertigen wir nach Ihren Bed\u00fcrfnissen und technischen M\u00f6glichkeiten an. Nur durch einen individuellen Ansatz k\u00f6nnen Sie einen Aufzug erhalten, der Ihnen die maximale Leichtigkeit der Bewegung und Einfachheit der Benutzung erm\u00f6glichen wird. Aufz\u00fcge f\u00fcr Menschen mit Behinderungen k\u00f6nnen besondere Spezifikationen haben, wie z.B. breitere T\u00fcren oder vertikales Kabinentableau.<\/p>\n<\/div><div class=\"fusion-sep-clear\"><\/div><div class=\"fusion-separator fusion-full-width-sep\" style=\"margin-left: auto;margin-right: auto;margin-top:-30px;width:100%;\"><\/div><div class=\"fusion-sep-clear\"><\/div><div class=\"fusion-clearfix\"><\/div><\/div><\/div><\/div><\/div><div class=\"fusion-fullwidth fullwidth-box fusion-builder-row-11 nonhundred-percent-fullwidth non-hundred-percent-height-scrolling\" style=\"background-color: #ffffff;background-position: center center;background-repeat: no-repeat;padding-top:0px;padding-right:0px;padding-bottom:0px;padding-left:0px;margin-bottom: 20px;margin-top: 0px;border-width: 0px 0px 0px 0px;border-color:#eae9e9;border-style:solid;\" ><div class=\"fusion-builder-row fusion-row\"><div class=\"fusion-layout-column fusion_builder_column fusion-builder-column-17 fusion_builder_column_1_2 1_2 fusion-one-half fusion-column-first\" style=\"width:48%; margin-right: 4%;margin-top:0px;margin-bottom:20px;\"><div class=\"fusion-column-wrapper fusion-flex-column-wrapper-legacy\" style=\"background-position:left top;background-repeat:no-repeat;-webkit-background-size:cover;-moz-background-size:cover;-o-background-size:cover;background-size:cover;padding: 0px 0px 0px 0px;\"><style type=\"text\/css\"><\/style><div class=\"fusion-title title fusion-title-9 sep-underline sep-solid fusion-title-text fusion-title-size-two\" style=\"border-bottom-color:#e0dede;margin-top:0px;margin-right:0px;margin-bottom:30px;margin-left:0px;\"><h2 class=\"title-heading-left fusion-responsive-typography-calculated\" style=\"margin:0;--fontSize:18;--minFontSize:18px;line-height:1.5;\">Einfache Montage und erschwinglicher Preis<\/h2><\/div><div class=\"fusion-text fusion-text-6\"><p>Aufz\u00fcge f\u00fcr Menschen mit Behinderung und Personen mit eingeschr\u00e4nkter Mobilit\u00e4t werden meistens in Wohngeb\u00e4uden, H\u00e4usern, Pflegeheimen, Hotels oder anderen \u00f6ffentlichen Pl\u00e4tzen installiert. Ein Behindertenaufzug ist leicht zu installieren und erfordert nur minimale Bauarbeiten, weswegen allein die Installation schneller und der Preis erschwinglich ist. Der Aufzug f\u00fcr Behinderte kann in einen Betonaufzugsschacht oder eine freitragende Metallkonstruktion installiert werden.<\/p>\n<p>Das Unternehmen SIGET DIZALA gew\u00e4hrleistet Garantie, Wartung und Ersatzteilbeschaffung.<\/p>\n<\/div><div class=\"fusion-sep-clear\"><\/div><div class=\"fusion-separator fusion-full-width-sep\" style=\"margin-left: auto;margin-right: auto;margin-top:-30px;width:100%;\"><\/div><div class=\"fusion-sep-clear\"><\/div><div class=\"fusion-clearfix\"><\/div><\/div><\/div><div class=\"fusion-layout-column fusion_builder_column fusion-builder-column-18 fusion_builder_column_1_2 1_2 fusion-one-half fusion-column-last\" style=\"width:48%;margin-top:0px;margin-bottom:20px;\"><div class=\"fusion-column-wrapper fusion-flex-column-wrapper-legacy\" style=\"background-position:left top;background-repeat:no-repeat;-webkit-background-size:cover;-moz-background-size:cover;-o-background-size:cover;background-size:cover;padding: 0px 0px 0px 0px;\"><span class=\" fusion-imageframe imageframe-none imageframe-6 hover-type-none\"><img decoding=\"async\" width=\"1024\" height=\"684\" alt=\"SIGET_DIZALA-dizala-za-invalideSIGET_DIZALA-dizala-za-invalide\" title=\"SIGET_DIZALA-dizala-za-invalide\" src=\"http:\/\/siget-dizala.hr\/wp-content\/uploads\/2017\/04\/SIGET_DIZALA-dizala-za-invalide-1024x684.jpg\" class=\"img-responsive wp-image-12768\" srcset=\"https:\/\/siget-dizala.hr\/wp-content\/uploads\/2017\/04\/SIGET_DIZALA-dizala-za-invalide-200x134.jpg 200w, https:\/\/siget-dizala.hr\/wp-content\/uploads\/2017\/04\/SIGET_DIZALA-dizala-za-invalide-400x267.jpg 400w, https:\/\/siget-dizala.hr\/wp-content\/uploads\/2017\/04\/SIGET_DIZALA-dizala-za-invalide-600x401.jpg 600w, https:\/\/siget-dizala.hr\/wp-content\/uploads\/2017\/04\/SIGET_DIZALA-dizala-za-invalide-800x534.jpg 800w, https:\/\/siget-dizala.hr\/wp-content\/uploads\/2017\/04\/SIGET_DIZALA-dizala-za-invalide-1200x801.jpg 1200w, https:\/\/siget-dizala.hr\/wp-content\/uploads\/2017\/04\/SIGET_DIZALA-dizala-za-invalide.jpg 2500w\" sizes=\"(max-width: 800px) 100vw, 600px\" \/><\/span><div class=\"fusion-clearfix\"><\/div><\/div><\/div><\/div><\/div><div class=\"fusion-fullwidth fullwidth-box fusion-builder-row-12 nonhundred-percent-fullwidth non-hundred-percent-height-scrolling\" style=\"background-color: #ffffff;background-position: center center;background-repeat: no-repeat;padding-top:20px;padding-right:0px;padding-bottom:20px;padding-left:0px;margin-bottom: 0px;margin-top: 0px;border-width: 0px 0px 0px 0px;border-color:#eae9e9;border-style:solid;\" ><div class=\"fusion-builder-row fusion-row\"><div class=\"fusion-layout-column fusion_builder_column fusion-builder-column-19 fusion_builder_column_1_2 1_2 fusion-one-half fusion-column-first\" style=\"width:50%;width:calc(50% - ( ( 4% ) * 0.5 ) );margin-right: 4%;margin-top:0px;margin-bottom:20px;\"><div class=\"fusion-column-wrapper fusion-flex-column-wrapper-legacy\" style=\"background-position:left top;background-repeat:no-repeat;-webkit-background-size:cover;-moz-background-size:cover;-o-background-size:cover;background-size:cover;padding: 0px 0px 0px 0px;\"><style type='text\/css'>.reading-box-container-5 .element-bottomshadow:before,.reading-box-container-5 .element-bottomshadow:after{opacity:0.7;}<\/style><div class=\"fusion-reading-box-container reading-box-container-5\" style=\"margin-top:0px;margin-bottom:84px;\"><div class=\"reading-box\" style=\"background-color:#f6f6f6;border-width:1px;border-color:#f6f6f6;border-left-width:3px;border-left-color:var(--primary_color);border-style:solid;\"><a class=\"button fusion-button button-default fusion-button-default-size button-default-size button-flat fusion-desktop-button fusion-tagline-button continue fusion-desktop-button-margin continue-right\" style=\"-webkit-box-shadow:none;-moz-box-shadow:none;box-shadow:none;border-radius:2px 2px 2px 2px\" href=\"katalog-u-izradi\/\" target=\"_self\"><span>KATALOG<\/span><\/a><h2>PDF herunterladen<\/h2><div class=\"reading-box-description fusion-reading-box-additional\">Technische Daten finden Sie im Katalog<\/div><div class=\"fusion-clearfix\"><\/div><a class=\"button fusion-button button-default fusion-button-default-size button-default-size button-flat fusion-mobile-button continue-right\" style=\"-webkit-box-shadow:none;-moz-box-shadow:none;box-shadow:none;border-radius:2px 2px 2px 2px\" href=\"katalog-u-izradi\/\" target=\"_self\"><span>KATALOG<\/span><\/a><\/div><\/div><div class=\"fusion-clearfix\"><\/div><\/div><\/div><div class=\"fusion-layout-column fusion_builder_column fusion-builder-column-20 fusion_builder_column_1_2 1_2 fusion-one-half fusion-column-last\" style=\"width:50%;width:calc(50% - ( ( 4% ) * 0.5 ) );margin-top:0px;margin-bottom:20px;\"><div class=\"fusion-column-wrapper fusion-flex-column-wrapper-legacy\" style=\"background-position:left top;background-repeat:no-repeat;-webkit-background-size:cover;-moz-background-size:cover;-o-background-size:cover;background-size:cover;padding: 0px 0px 0px 0px;\"><style type='text\/css'>.reading-box-container-6 .element-bottomshadow:before,.reading-box-container-6 .element-bottomshadow:after{opacity:0.7;}<\/style><div class=\"fusion-reading-box-container reading-box-container-6\" style=\"margin-top:0px;margin-bottom:84px;\"><div class=\"reading-box\" style=\"background-color:#f6f6f6;border-width:1px;border-color:#f6f6f6;border-left-width:3px;border-left-color:var(--primary_color);border-style:solid;\"><a class=\"button fusion-button button-default fusion-button-default-size button-default-size button-flat fusion-desktop-button fusion-tagline-button continue fusion-desktop-button-margin continue-right\" style=\"-webkit-box-shadow:none;-moz-box-shadow:none;box-shadow:none;border-radius:2px 2px 2px 2px\" href=\"\/kontakt\" target=\"_self\"><span>Kontakt<\/span><\/a><h2>Kontaktieren Sie uns<\/h2><div class=\"reading-box-description fusion-reading-box-additional\">f\u00fcr weitere Informationen und fordern Sie ein Angebot an<\/div><div class=\"fusion-clearfix\"><\/div><a class=\"button fusion-button button-default fusion-button-default-size button-default-size button-flat fusion-mobile-button continue-right\" style=\"-webkit-box-shadow:none;-moz-box-shadow:none;box-shadow:none;border-radius:2px 2px 2px 2px\" href=\"\/kontakt\" target=\"_self\"><span>Kontakt<\/span><\/a><\/div><\/div><div class=\"fusion-clearfix\"><\/div><\/div><\/div><\/div><\/div><\/p>","protected":false},"excerpt":{"rendered":"","protected":false},"author":1,"featured_media":0,"parent":12233,"menu_order":0,"comment_status":"closed","ping_status":"closed","template":"100-width.php","meta":{"footnotes":""},"class_list":["post-12456","page","type-page","status-publish","hentry"],"_links":{"self":[{"href":"https:\/\/siget-dizala.hr\/de\/wp-json\/wp\/v2\/pages\/12456","targetHints":{"allow":["GET"]}}],"collection":[{"href":"https:\/\/siget-dizala.hr\/de\/wp-json\/wp\/v2\/pages"}],"about":[{"href":"https:\/\/siget-dizala.hr\/de\/wp-json\/wp\/v2\/types\/page"}],"author":[{"embeddable":true,"href":"https:\/\/siget-dizala.hr\/de\/wp-json\/wp\/v2\/users\/1"}],"replies":[{"embeddable":true,"href":"https:\/\/siget-dizala.hr\/de\/wp-json\/wp\/v2\/comments?post=12456"}],"version-history":[{"count":11,"href":"https:\/\/siget-dizala.hr\/de\/wp-json\/wp\/v2\/pages\/12456\/revisions"}],"predecessor-version":[{"id":13040,"href":"https:\/\/siget-dizala.hr\/de\/wp-json\/wp\/v2\/pages\/12456\/revisions\/13040"}],"up":[{"embeddable":true,"href":"https:\/\/siget-dizala.hr\/de\/wp-json\/wp\/v2\/pages\/12233"}],"wp:attachment":[{"href":"https:\/\/siget-dizala.hr\/de\/wp-json\/wp\/v2\/media?parent=12456"}],"curies":[{"name":"wp","href":"https:\/\/api.w.org\/{rel}","templated":true}]}}