{"id":12373,"date":"2017-04-07T12:00:32","date_gmt":"2017-04-07T12:00:32","guid":{"rendered":"http:\/\/siget-dizala.e-ito.hr\/?page_id=12373"},"modified":"2017-08-03T10:40:47","modified_gmt":"2017-08-03T10:40:47","slug":"dizala-za-poslovne-zgrade","status":"publish","type":"page","link":"https:\/\/siget-dizala.hr\/de\/proizvodi\/kompletna-dizala\/dizala-za-poslovne-zgrade\/","title":{"rendered":"Aufz\u00fcge f\u00fcr Gesch\u00e4ftsgeb\u00e4ude"},"content":{"rendered":"<p><div class=\"fusion-fullwidth fullwidth-box fusion-builder-row-9 hundred-percent-fullwidth non-hundred-percent-height-scrolling\" style=\"background-color: #ffffff;background-position: center center;background-repeat: no-repeat;padding-top:0px;padding-right:0px;padding-bottom:0px;padding-left:0px;margin-bottom: 20px;margin-top: 0px;border-width: 0px 0px 0px 0px;border-color:#eae9e9;border-style:solid;\" ><div class=\"fusion-builder-row fusion-row\"><div class=\"fusion-layout-column fusion_builder_column fusion-builder-column-14 fusion_builder_column_1_1 1_1 fusion-one-full fusion-column-first fusion-column-last\" style=\"margin-top:0px;margin-bottom:20px;\"><div class=\"fusion-column-wrapper fusion-flex-column-wrapper-legacy\" style=\"background-position:left top;background-repeat:no-repeat;-webkit-background-size:cover;-moz-background-size:cover;-o-background-size:cover;background-size:cover;padding: 0px 0px 0px 0px;\">\t\t\t\t\t<div class=\"fusion-slider-container fusion-slider-sc-proizvod-2-slider fusion-slider-26 full-width-slider\" data-id=\"26\" data-full_height=\"\" style=\"height:600px; max-width:100%;\">\n\t\t\t\t\t\t<style type=\"text\/css\">.fusion-slider-26 .flex-direction-nav a {width:25;height:25;line-height:25;font-size:30;}<\/style>\t\t\t\t\t\t<div class=\"fusion-slider-loading\">Loading...<\/div>\n\t\t\t\t\t\t<div class=\"tfs-slider flexslider main-flex full-width-slider\" data-slider_width=\"100%\" data-slider_height=\"600px\" data-full_screen=\"0\" data-parallax=\"0\" data-nav_arrows=\"0\" data-nav_box_width=\"25\" data-nav_box_height=\"25\" data-nav_arrow_size=\"30\" data-pagination_circles=\"0\" data-autoplay=\"0\" data-loop=\"0\" data-animation=\"fade\" data-slideshow_speed=\"7000\" data-animation_speed=\"600\" data-typo_sensitivity=\"1\" data-typo_factor=\"1.5\" style=\"max-width:100%;\">\n\t\t\t\t\t\t\t<ul class=\"slides\">\n\t\t\t\t\t\t\t\t\t\t\t\t\t\t\t\t\t<li data-mute=\"yes\" data-loop=\"yes\" data-autoplay=\"yes\">\n\t\t\t\t\t\t\t\t\t\t<div class=\"slide-content-container slide-content-center\" style=\"display: none;\">\n\t\t\t\t\t\t\t\t\t\t\t<div class=\"slide-content\" style=\"\">\n\t\t\t\t\t\t\t\t\t\t\t\t\t\t\t\t\t\t\t\t\t\t\t\t\t<div class=\"heading with-bg\">\n\t\t\t\t\t\t\t\t\t\t\t\t\t\t<div class=\"fusion-title-sc-wrapper\" style=\"background-color: rgba(0,0,0, 0.4);\">\n\t\t\t\t\t\t\t\t\t\t\t\t\t\t\t<style type=\"text\/css\"><\/style><div class=\"fusion-title title fusion-title-7 fusion-sep-none fusion-title-center fusion-title-text fusion-title-size-two\" style=\"font-size:60px;margin-top:0px;margin-right:0px;margin-bottom:0px;margin-left:0px;\"><h2 class=\"title-heading-center fusion-responsive-typography-calculated\" style=\"margin:0;font-size:1em;--fontSize:60;line-height:1.33;\">Dizala za poslovne zgrade<\/h2><\/div>\t\t\t\t\t\t\t\t\t\t\t\t\t\t<\/div>\n\t\t\t\t\t\t\t\t\t\t\t\t\t<\/div>\n\t\t\t\t\t\t\t\t\t\t\t\t\t\t\t\t\t\t\t\t\t\t\t\t\t\t\t\t\t\t\t\t\t\t\t\t\t\t\t\t\t\t\t\t\t\t\t<\/div>\n\t\t\t\t\t\t\t\t\t\t<\/div>\n\t\t\t\t\t\t\t\t\t\t\t\t\t\t\t\t\t\t\t\t\t\t\t\t\t\t\t\t\t\t\t\t\t\t\t\t\t\t\t\t<div class=\"background background-image\" style=\"background-image: url(https:\/\/siget-dizala.hr\/wp-content\/uploads\/2017\/04\/SIGET_DIZALA_-27.jpg);max-width:100%;height:600px;filter: progid:DXImageTransform.Microsoft.AlphaImageLoader(src='https:\/\/siget-dizala.hr\/wp-content\/uploads\/2017\/04\/SIGET_DIZALA_-27.jpg', sizingMethod='scale');\" data-imgwidth=\"2500\">\n\t\t\t\t\t\t\t\t\t\t\t\t\t\t\t\t\t\t\t\t\t\t\t\t\t\t\t\t\t\t\t\t\t\t\t\t\t\t\t\t\t\t\t\t\t\t\t\t\t\t\t\t\t\t\t\t\t\t\t\t\t\t\t\t\t\t<\/div>\n\t\t\t\t\t\t\t\t\t<\/li>\n\t\t\t\t\t\t\t\t\t\t\t\t\t\t\t\t\t\t\t\t\t\t\t<\/ul>\n\t\t\t\t\t\t<\/div>\n\t\t\t\t\t<\/div>\n\t\t\t\t\t\t\t\t<div class=\"fusion-clearfix\"><\/div><\/div><\/div><\/div><\/div><div class=\"fusion-fullwidth fullwidth-box fusion-builder-row-10 nonhundred-percent-fullwidth non-hundred-percent-height-scrolling\" style=\"background-color: #ffffff;background-position: center center;background-repeat: no-repeat;padding-top:0px;padding-right:0px;padding-bottom:0px;padding-left:0px;margin-bottom: 20px;margin-top: 0px;border-width: 0px 0px 0px 0px;border-color:#eae9e9;border-style:solid;\" ><div class=\"fusion-builder-row fusion-row\"><div class=\"fusion-layout-column fusion_builder_column fusion-builder-column-15 fusion_builder_column_1_2 1_2 fusion-one-half fusion-column-first\" style=\"width:48%; margin-right: 4%;margin-top:0px;margin-bottom:20px;\"><div class=\"fusion-column-wrapper fusion-flex-column-wrapper-legacy\" style=\"background-position:left top;background-repeat:no-repeat;-webkit-background-size:cover;-moz-background-size:cover;-o-background-size:cover;background-size:cover;padding: 0px 0px 0px 0px;\"><span class=\" fusion-imageframe imageframe-none imageframe-5 hover-type-none\"><img decoding=\"async\" width=\"1024\" height=\"683\" title=\"SIGET_DIZALA-Dizala-za-poslovne -zgrade\" src=\"http:\/\/siget-dizala.hr\/wp-content\/uploads\/2017\/04\/SIGET_DIZALA-Dizala-za-poslovne-zgrade-1024x683.jpg\" alt class=\"img-responsive wp-image-12784\" srcset=\"https:\/\/siget-dizala.hr\/wp-content\/uploads\/2017\/04\/SIGET_DIZALA-Dizala-za-poslovne-zgrade-200x133.jpg 200w, https:\/\/siget-dizala.hr\/wp-content\/uploads\/2017\/04\/SIGET_DIZALA-Dizala-za-poslovne-zgrade-400x267.jpg 400w, https:\/\/siget-dizala.hr\/wp-content\/uploads\/2017\/04\/SIGET_DIZALA-Dizala-za-poslovne-zgrade-600x400.jpg 600w, https:\/\/siget-dizala.hr\/wp-content\/uploads\/2017\/04\/SIGET_DIZALA-Dizala-za-poslovne-zgrade-800x534.jpg 800w, https:\/\/siget-dizala.hr\/wp-content\/uploads\/2017\/04\/SIGET_DIZALA-Dizala-za-poslovne-zgrade-1200x801.jpg 1200w, https:\/\/siget-dizala.hr\/wp-content\/uploads\/2017\/04\/SIGET_DIZALA-Dizala-za-poslovne-zgrade.jpg 2500w\" sizes=\"(max-width: 800px) 100vw, 600px\" \/><\/span><div class=\"fusion-clearfix\"><\/div><\/div><\/div><div class=\"fusion-layout-column fusion_builder_column fusion-builder-column-16 fusion_builder_column_1_2 1_2 fusion-one-half fusion-column-last\" style=\"width:48%;margin-top:0px;margin-bottom:20px;\"><div class=\"fusion-column-wrapper fusion-flex-column-wrapper-legacy\" style=\"background-position:left top;background-repeat:no-repeat;-webkit-background-size:cover;-moz-background-size:cover;-o-background-size:cover;background-size:cover;padding: 0px 0px 0px 0px;\"><style type=\"text\/css\"><\/style><div class=\"fusion-title title fusion-title-8 sep-underline sep-solid fusion-title-text fusion-title-size-two\" style=\"border-bottom-color:#e0dede;margin-top:0px;margin-right:0px;margin-bottom:30px;margin-left:0px;\"><h2 class=\"title-heading-right fusion-responsive-typography-calculated\" style=\"margin:0;--fontSize:18;--minFontSize:18px;line-height:1.5;\">\u00dcber Aufz\u00fcge f\u00fcr Gesch\u00e4ftsgeb\u00e4ude<\/h2><\/div><div class=\"fusion-text fusion-text-5\"><p>Aufz\u00fcge f\u00fcr Gesch\u00e4ftsgeb\u00e4ude erleichtern den Zugang und Bewegung in einer belebten Umgebung. Unser Team entwickelt, produziert und installiert Aufz\u00fcge f\u00fcr alle Arten von gewerblich genutzten Geb\u00e4uden wie B\u00fcrogeb\u00e4uden, Einkaufszentren und Hotels, die von einer gro\u00dfen Anzahl von Anwendern benutzt werden, und in denen die Notwendigkeit f\u00fcr eine maximale Funktionalit\u00e4t besteht. Unsere Aufz\u00fcge befinden sich in bekannten Einkaufszentren, Einzelhandelsketten und Gesch\u00e4ftsgeb\u00e4uden. Da die Aufz\u00fcge nach Ma\u00df hergestellt werden, k\u00f6nnen wir die ideale L\u00f6sung f\u00fcr jeden Raum bieten.<\/p>\n<\/div><div class=\"fusion-sep-clear\"><\/div><div class=\"fusion-separator fusion-full-width-sep\" style=\"margin-left: auto;margin-right: auto;margin-top:-30px;width:100%;\"><\/div><div class=\"fusion-sep-clear\"><\/div><div class=\"fusion-clearfix\"><\/div><\/div><\/div><\/div><\/div><div class=\"fusion-fullwidth fullwidth-box fusion-builder-row-11 nonhundred-percent-fullwidth non-hundred-percent-height-scrolling\" style=\"background-color: #ffffff;background-position: center center;background-repeat: no-repeat;padding-top:0px;padding-right:0px;padding-bottom:0px;padding-left:0px;margin-bottom: 20px;margin-top: 0px;border-width: 0px 0px 0px 0px;border-color:#eae9e9;border-style:solid;\" ><div class=\"fusion-builder-row fusion-row\"><div class=\"fusion-layout-column fusion_builder_column fusion-builder-column-17 fusion_builder_column_1_2 1_2 fusion-one-half fusion-column-first\" style=\"width:48%; margin-right: 4%;margin-top:0px;margin-bottom:20px;\"><div class=\"fusion-column-wrapper fusion-flex-column-wrapper-legacy\" style=\"background-position:left top;background-repeat:no-repeat;-webkit-background-size:cover;-moz-background-size:cover;-o-background-size:cover;background-size:cover;padding: 0px 0px 0px 0px;\"><style type=\"text\/css\"><\/style><div class=\"fusion-title title fusion-title-9 sep-underline sep-solid fusion-title-text fusion-title-size-two\" style=\"border-bottom-color:#e0dede;margin-top:0px;margin-right:0px;margin-bottom:30px;margin-left:0px;\"><h2 class=\"title-heading-left fusion-responsive-typography-calculated\" style=\"margin:0;--fontSize:18;--minFontSize:18px;line-height:1.5;\">Steigern Sie die Zufriedenheit sowohl Ihrer Kunden als auch Ihrer Mitarbeiter<\/h2><\/div><div class=\"fusion-text fusion-text-6\"><p>Aufz\u00fcge in Einkaufszentren bieten einen einfachen Zugang und Mobilit\u00e4t f\u00fcr Menschen mit Einkaufswagen oder -taschen. Auf diese Weise wird das Einkaufen erleichtert und der Konsum gef\u00f6rdert, was f\u00fcr Einkaufszentren von gro\u00dfer Wichtigkeit ist. Daher stellt die Verwendung von Aufz\u00fcgen eine sehr kosteneffektive L\u00f6sung dar, die nicht nur eine Steigerung des Gewinns eines Unternehmens erm\u00f6glicht, sondern auch das Image gegen\u00fcber der Kunden, Mitarbeiter und anderer Besucher deutlich verbessert.<\/p>\n<p>Das Unternehmen SIGET DIZALA gew\u00e4hrleistet Garantie, Wartung und Ersatzteilbeschaffung.<\/p>\n<\/div><div class=\"fusion-sep-clear\"><\/div><div class=\"fusion-separator fusion-full-width-sep\" style=\"margin-left: auto;margin-right: auto;margin-top:-30px;width:100%;\"><\/div><div class=\"fusion-sep-clear\"><\/div><div class=\"fusion-clearfix\"><\/div><\/div><\/div><div class=\"fusion-layout-column fusion_builder_column fusion-builder-column-18 fusion_builder_column_1_2 1_2 fusion-one-half fusion-column-last\" style=\"width:48%;margin-top:0px;margin-bottom:20px;\"><div class=\"fusion-column-wrapper fusion-flex-column-wrapper-legacy\" style=\"background-position:left top;background-repeat:no-repeat;-webkit-background-size:cover;-moz-background-size:cover;-o-background-size:cover;background-size:cover;padding: 0px 0px 0px 0px;\"><span class=\" fusion-imageframe imageframe-none imageframe-6 hover-type-none\"><img decoding=\"async\" width=\"1024\" height=\"683\" title=\"SIGET_DIZALA_dizalo-za-poslovne-zgrade-1\" src=\"http:\/\/siget-dizala.hr\/wp-content\/uploads\/2017\/04\/SIGET_DIZALA_dizalo-za-poslovne-zgrade-1-1024x683.jpg\" alt class=\"img-responsive wp-image-12785\" srcset=\"https:\/\/siget-dizala.hr\/wp-content\/uploads\/2017\/04\/SIGET_DIZALA_dizalo-za-poslovne-zgrade-1-200x133.jpg 200w, https:\/\/siget-dizala.hr\/wp-content\/uploads\/2017\/04\/SIGET_DIZALA_dizalo-za-poslovne-zgrade-1-400x267.jpg 400w, https:\/\/siget-dizala.hr\/wp-content\/uploads\/2017\/04\/SIGET_DIZALA_dizalo-za-poslovne-zgrade-1-600x400.jpg 600w, https:\/\/siget-dizala.hr\/wp-content\/uploads\/2017\/04\/SIGET_DIZALA_dizalo-za-poslovne-zgrade-1-800x534.jpg 800w, https:\/\/siget-dizala.hr\/wp-content\/uploads\/2017\/04\/SIGET_DIZALA_dizalo-za-poslovne-zgrade-1-1200x801.jpg 1200w, https:\/\/siget-dizala.hr\/wp-content\/uploads\/2017\/04\/SIGET_DIZALA_dizalo-za-poslovne-zgrade-1.jpg 2500w\" sizes=\"(max-width: 800px) 100vw, 600px\" \/><\/span><div class=\"fusion-clearfix\"><\/div><\/div><\/div><\/div><\/div><div class=\"fusion-fullwidth fullwidth-box fusion-builder-row-12 nonhundred-percent-fullwidth non-hundred-percent-height-scrolling\" style=\"background-color: #ffffff;background-position: center center;background-repeat: no-repeat;padding-top:20px;padding-right:0px;padding-bottom:20px;padding-left:0px;margin-bottom: 0px;margin-top: 0px;border-width: 0px 0px 0px 0px;border-color:#eae9e9;border-style:solid;\" ><div class=\"fusion-builder-row fusion-row\"><div class=\"fusion-layout-column fusion_builder_column fusion-builder-column-19 fusion_builder_column_1_2 1_2 fusion-one-half fusion-column-first\" style=\"width:50%;width:calc(50% - ( ( 4% ) * 0.5 ) );margin-right: 4%;margin-top:0px;margin-bottom:20px;\"><div class=\"fusion-column-wrapper fusion-flex-column-wrapper-legacy\" style=\"background-position:left top;background-repeat:no-repeat;-webkit-background-size:cover;-moz-background-size:cover;-o-background-size:cover;background-size:cover;padding: 0px 0px 0px 0px;\"><style type='text\/css'>.reading-box-container-5 .element-bottomshadow:before,.reading-box-container-5 .element-bottomshadow:after{opacity:0.7;}<\/style><div class=\"fusion-reading-box-container reading-box-container-5\" style=\"margin-top:0px;margin-bottom:84px;\"><div class=\"reading-box\" style=\"background-color:#f6f6f6;border-width:1px;border-color:#f6f6f6;border-left-width:3px;border-left-color:var(--primary_color);border-style:solid;\"><a class=\"button fusion-button button-default fusion-button-default-size button-default-size button-flat fusion-desktop-button fusion-tagline-button continue fusion-desktop-button-margin continue-right\" style=\"-webkit-box-shadow:none;-moz-box-shadow:none;box-shadow:none;border-radius:2px 2px 2px 2px\" href=\"katalog-u-izradi\/\" target=\"_self\"><span>KATALOG<\/span><\/a><h2>PDF herunterladen<\/h2><div class=\"reading-box-description fusion-reading-box-additional\">Technische Daten finden Sie im Katalog<\/div><div class=\"fusion-clearfix\"><\/div><a class=\"button fusion-button button-default fusion-button-default-size button-default-size button-flat fusion-mobile-button continue-right\" style=\"-webkit-box-shadow:none;-moz-box-shadow:none;box-shadow:none;border-radius:2px 2px 2px 2px\" href=\"katalog-u-izradi\/\" target=\"_self\"><span>KATALOG<\/span><\/a><\/div><\/div><div class=\"fusion-clearfix\"><\/div><\/div><\/div><div class=\"fusion-layout-column fusion_builder_column fusion-builder-column-20 fusion_builder_column_1_2 1_2 fusion-one-half fusion-column-last\" style=\"width:50%;width:calc(50% - ( ( 4% ) * 0.5 ) );margin-top:0px;margin-bottom:20px;\"><div class=\"fusion-column-wrapper fusion-flex-column-wrapper-legacy\" style=\"background-position:left top;background-repeat:no-repeat;-webkit-background-size:cover;-moz-background-size:cover;-o-background-size:cover;background-size:cover;padding: 0px 0px 0px 0px;\"><style type='text\/css'>.reading-box-container-6 .element-bottomshadow:before,.reading-box-container-6 .element-bottomshadow:after{opacity:0.7;}<\/style><div class=\"fusion-reading-box-container reading-box-container-6\" style=\"margin-top:0px;margin-bottom:84px;\"><div class=\"reading-box\" style=\"background-color:#f6f6f6;border-width:1px;border-color:#f6f6f6;border-left-width:3px;border-left-color:var(--primary_color);border-style:solid;\"><a class=\"button fusion-button button-default fusion-button-default-size button-default-size button-flat fusion-desktop-button fusion-tagline-button continue fusion-desktop-button-margin continue-right\" style=\"-webkit-box-shadow:none;-moz-box-shadow:none;box-shadow:none;border-radius:2px 2px 2px 2px\" href=\"kontakt\" target=\"_self\"><span>Kontakt<\/span><\/a><h2>Kontaktieren Sie uns<\/h2><div class=\"reading-box-description fusion-reading-box-additional\">f\u00fcr weitere Informationen und fordern Sie ein Angebot an<\/div><div class=\"fusion-clearfix\"><\/div><a class=\"button fusion-button button-default fusion-button-default-size button-default-size button-flat fusion-mobile-button continue-right\" style=\"-webkit-box-shadow:none;-moz-box-shadow:none;box-shadow:none;border-radius:2px 2px 2px 2px\" href=\"kontakt\" target=\"_self\"><span>Kontakt<\/span><\/a><\/div><\/div><div class=\"fusion-clearfix\"><\/div><\/div><\/div><\/div><\/div><\/p>","protected":false},"excerpt":{"rendered":"","protected":false},"author":1,"featured_media":0,"parent":12233,"menu_order":0,"comment_status":"closed","ping_status":"closed","template":"100-width.php","meta":{"footnotes":""},"class_list":["post-12373","page","type-page","status-publish","hentry"],"_links":{"self":[{"href":"https:\/\/siget-dizala.hr\/de\/wp-json\/wp\/v2\/pages\/12373","targetHints":{"allow":["GET"]}}],"collection":[{"href":"https:\/\/siget-dizala.hr\/de\/wp-json\/wp\/v2\/pages"}],"about":[{"href":"https:\/\/siget-dizala.hr\/de\/wp-json\/wp\/v2\/types\/page"}],"author":[{"embeddable":true,"href":"https:\/\/siget-dizala.hr\/de\/wp-json\/wp\/v2\/users\/1"}],"replies":[{"embeddable":true,"href":"https:\/\/siget-dizala.hr\/de\/wp-json\/wp\/v2\/comments?post=12373"}],"version-history":[{"count":23,"href":"https:\/\/siget-dizala.hr\/de\/wp-json\/wp\/v2\/pages\/12373\/revisions"}],"predecessor-version":[{"id":13026,"href":"https:\/\/siget-dizala.hr\/de\/wp-json\/wp\/v2\/pages\/12373\/revisions\/13026"}],"up":[{"embeddable":true,"href":"https:\/\/siget-dizala.hr\/de\/wp-json\/wp\/v2\/pages\/12233"}],"wp:attachment":[{"href":"https:\/\/siget-dizala.hr\/de\/wp-json\/wp\/v2\/media?parent=12373"}],"curies":[{"name":"wp","href":"https:\/\/api.w.org\/{rel}","templated":true}]}}