{"id":12131,"date":"2017-02-09T06:51:18","date_gmt":"2017-02-09T06:51:18","guid":{"rendered":"http:\/\/siget-dizala.e-ito.hr\/?page_id=12131"},"modified":"2017-08-03T10:34:54","modified_gmt":"2017-08-03T10:34:54","slug":"dizala-za-postojece-zgrade","status":"publish","type":"page","link":"https:\/\/siget-dizala.hr\/de\/proizvodi\/kompletna-dizala\/dizala-za-postojece-zgrade\/","title":{"rendered":"Aufz\u00fcge f\u00fcr bestehende Geb\u00e4ude"},"content":{"rendered":"<p><div class=\"fusion-fullwidth fullwidth-box fusion-builder-row-9 hundred-percent-fullwidth non-hundred-percent-height-scrolling\" style=\"background-color: #ffffff;background-position: center center;background-repeat: no-repeat;padding-top:0px;padding-right:0px;padding-bottom:0px;padding-left:0px;margin-bottom: 20px;margin-top: 0px;border-width: 0px 0px 0px 0px;border-color:#eae9e9;border-style:solid;\" ><div class=\"fusion-builder-row fusion-row\"><div class=\"fusion-layout-column fusion_builder_column fusion-builder-column-14 fusion_builder_column_1_1 1_1 fusion-one-full fusion-column-first fusion-column-last\" style=\"margin-top:0px;margin-bottom:20px;\"><div class=\"fusion-column-wrapper fusion-flex-column-wrapper-legacy\" style=\"background-position:left top;background-repeat:no-repeat;-webkit-background-size:cover;-moz-background-size:cover;-o-background-size:cover;background-size:cover;padding: 0px 0px 0px 0px;\">\t\t\t\t\t<div class=\"fusion-slider-container fusion-slider-sc-proizvod-1-slider fusion-slider-23 full-width-slider\" data-id=\"23\" data-full_height=\"\" style=\"height:600px; max-width:100%;\">\n\t\t\t\t\t\t<style type=\"text\/css\">.fusion-slider-23 .flex-direction-nav a {width:25;height:25;line-height:25;font-size:30;}<\/style>\t\t\t\t\t\t<div class=\"fusion-slider-loading\">Loading...<\/div>\n\t\t\t\t\t\t<div class=\"tfs-slider flexslider main-flex full-width-slider\" data-slider_width=\"100%\" data-slider_height=\"600px\" data-full_screen=\"0\" data-parallax=\"0\" data-nav_arrows=\"0\" data-nav_box_width=\"25\" data-nav_box_height=\"25\" data-nav_arrow_size=\"30\" data-pagination_circles=\"0\" data-autoplay=\"0\" data-loop=\"0\" data-animation=\"fade\" data-slideshow_speed=\"7000\" data-animation_speed=\"600\" data-typo_sensitivity=\"1\" data-typo_factor=\"1.5\" style=\"max-width:100%;\">\n\t\t\t\t\t\t\t<ul class=\"slides\">\n\t\t\t\t\t\t\t\t\t\t\t\t\t\t\t\t\t<li data-mute=\"yes\" data-loop=\"yes\" data-autoplay=\"yes\">\n\t\t\t\t\t\t\t\t\t\t<div class=\"slide-content-container slide-content-center\" style=\"display: none;\">\n\t\t\t\t\t\t\t\t\t\t\t<div class=\"slide-content\" style=\"\">\n\t\t\t\t\t\t\t\t\t\t\t\t\t\t\t\t\t\t\t\t\t\t\t\t\t<div class=\"heading with-bg\">\n\t\t\t\t\t\t\t\t\t\t\t\t\t\t<div class=\"fusion-title-sc-wrapper\" style=\"background-color: rgba(0,0,0, 0.4);\">\n\t\t\t\t\t\t\t\t\t\t\t\t\t\t\t<style type=\"text\/css\"><\/style><div class=\"fusion-title title fusion-title-7 fusion-sep-none fusion-title-center fusion-title-text fusion-title-size-two\" style=\"font-size:60px;margin-top:0px;margin-right:0px;margin-bottom:0px;margin-left:0px;\"><h2 class=\"title-heading-center fusion-responsive-typography-calculated\" style=\"margin:0;font-size:1em;--fontSize:60;line-height:1.33;\">Dizala za postoje\u0107e zgrade<\/h2><\/div>\t\t\t\t\t\t\t\t\t\t\t\t\t\t<\/div>\n\t\t\t\t\t\t\t\t\t\t\t\t\t<\/div>\n\t\t\t\t\t\t\t\t\t\t\t\t\t\t\t\t\t\t\t\t\t\t\t\t\t\t\t\t\t\t\t\t\t\t\t\t\t\t\t\t\t\t\t\t\t\t\t\t\t<div class=\"buttons\" >\n\t\t\t\t\t\t\t\t\t\t\t\t\t\t\t\t\t\t\t\t\t\t\t\t\t\t\t\t\t\t\t\t\t\t\t\t\t\t\t\t\t<\/div>\n\t\t\t\t\t\t\t\t\t\t\t\t\t\t\t\t\t\t\t\t\t\t\t<\/div>\n\t\t\t\t\t\t\t\t\t\t<\/div>\n\t\t\t\t\t\t\t\t\t\t\t\t\t\t\t\t\t\t\t\t\t\t\t\t\t\t\t\t\t\t\t\t\t\t\t\t\t\t\t\t<div class=\"background background-image\" style=\"background-image: url(https:\/\/siget-dizala.hr\/wp-content\/uploads\/2017\/02\/SIGET_DIZALA-Dizala-za-postojece-zgrade.jpg);max-width:100%;height:600px;filter: progid:DXImageTransform.Microsoft.AlphaImageLoader(src='https:\/\/siget-dizala.hr\/wp-content\/uploads\/2017\/02\/SIGET_DIZALA-Dizala-za-postojece-zgrade.jpg', sizingMethod='scale');\" data-imgwidth=\"2500\">\n\t\t\t\t\t\t\t\t\t\t\t\t\t\t\t\t\t\t\t\t\t\t\t\t\t\t\t\t\t\t\t\t\t\t\t\t\t\t\t\t\t\t\t\t\t\t\t\t\t\t\t\t\t\t\t\t\t\t\t\t\t\t\t\t\t\t<\/div>\n\t\t\t\t\t\t\t\t\t<\/li>\n\t\t\t\t\t\t\t\t\t\t\t\t\t\t\t\t\t\t\t\t\t\t\t<\/ul>\n\t\t\t\t\t\t<\/div>\n\t\t\t\t\t<\/div>\n\t\t\t\t\t\t\t\t<div class=\"fusion-clearfix\"><\/div><\/div><\/div><\/div><\/div><div class=\"fusion-fullwidth fullwidth-box fusion-builder-row-10 nonhundred-percent-fullwidth non-hundred-percent-height-scrolling\" style=\"background-color: #ffffff;background-position: center center;background-repeat: no-repeat;padding-top:0px;padding-right:0px;padding-bottom:0px;padding-left:0px;margin-bottom: 20px;margin-top: 0px;border-width: 0px 0px 0px 0px;border-color:#eae9e9;border-style:solid;\" ><div class=\"fusion-builder-row fusion-row\"><div class=\"fusion-layout-column fusion_builder_column fusion-builder-column-15 fusion_builder_column_1_2 1_2 fusion-one-half fusion-column-first\" style=\"width:48%; margin-right: 4%;margin-top:0px;margin-bottom:20px;\"><div class=\"fusion-column-wrapper fusion-flex-column-wrapper-legacy\" style=\"background-position:left top;background-repeat:no-repeat;-webkit-background-size:cover;-moz-background-size:cover;-o-background-size:cover;background-size:cover;padding: 0px 0px 0px 0px;\"><span class=\" fusion-imageframe imageframe-none imageframe-5 hover-type-none\"><img decoding=\"async\" width=\"1024\" height=\"684\" title=\"SIGET_DIZALA-dizala-za-zgrade\" src=\"http:\/\/siget-dizala.hr\/wp-content\/uploads\/2017\/02\/SIGET_DIZALA-dizala-za-zgrade-1024x684.jpg\" alt class=\"img-responsive wp-image-12787\" srcset=\"https:\/\/siget-dizala.hr\/wp-content\/uploads\/2017\/02\/SIGET_DIZALA-dizala-za-zgrade-200x134.jpg 200w, https:\/\/siget-dizala.hr\/wp-content\/uploads\/2017\/02\/SIGET_DIZALA-dizala-za-zgrade-400x267.jpg 400w, https:\/\/siget-dizala.hr\/wp-content\/uploads\/2017\/02\/SIGET_DIZALA-dizala-za-zgrade-600x401.jpg 600w, https:\/\/siget-dizala.hr\/wp-content\/uploads\/2017\/02\/SIGET_DIZALA-dizala-za-zgrade-800x535.jpg 800w, https:\/\/siget-dizala.hr\/wp-content\/uploads\/2017\/02\/SIGET_DIZALA-dizala-za-zgrade-1200x802.jpg 1200w, https:\/\/siget-dizala.hr\/wp-content\/uploads\/2017\/02\/SIGET_DIZALA-dizala-za-zgrade.jpg 1260w\" sizes=\"(max-width: 800px) 100vw, 600px\" \/><\/span><div class=\"fusion-clearfix\"><\/div><\/div><\/div><div class=\"fusion-layout-column fusion_builder_column fusion-builder-column-16 fusion_builder_column_1_2 1_2 fusion-one-half fusion-column-last\" style=\"width:48%;margin-top:0px;margin-bottom:20px;\"><div class=\"fusion-column-wrapper fusion-flex-column-wrapper-legacy\" style=\"background-position:left top;background-repeat:no-repeat;-webkit-background-size:cover;-moz-background-size:cover;-o-background-size:cover;background-size:cover;padding: 0px 0px 0px 0px;\"><style type=\"text\/css\"><\/style><div class=\"fusion-title title fusion-title-8 sep-underline sep-solid fusion-title-text fusion-title-size-two\" style=\"border-bottom-color:#e0dede;margin-top:0px;margin-right:0px;margin-bottom:30px;margin-left:0px;\"><h2 class=\"title-heading-right fusion-responsive-typography-calculated\" style=\"margin:0;--fontSize:18;--minFontSize:18px;line-height:1.5;\"><p style=\"text-align: left;\">Der Aufzug erh\u00f6ht die Lebensqualit\u00e4t und den Wert Ihres Geb\u00e4udes<\/p><\/h2><\/div><div class=\"fusion-text fusion-text-5\"><p>Einbau von Aufz\u00fcgen in bestehenden Geb\u00e4uden ist viel einfacher und schneller als Sie denken. Bewohner werden sofort die Vorteile bemerken. Der Zugang zu allen Wohnungen wird erleichtert und Ihr Geb\u00e4ude wird an Wert gewinnen.<br \/>\nDer Aufzug erleichtert den Zugang f\u00fcr Senioren und gehbehinderte Menschen sowie Familien mit Kindern. Montage eines Aufzugs im Geb\u00e4ude erh\u00f6ht die Qualit\u00e4t Ihres Lebens, da es einen schnellen und einfachen Transport erm\u00f6glicht. Der Zugang zu den oberen Stockwerken des Geb\u00e4udes wird sowohl f\u00fcr die Bewohner als auch f\u00fcr die G\u00e4ste erleichtert. Das Unternehmen SIGET DIZALA installiert Aufz\u00fcge in bestehenden Geb\u00e4uden nach dem Prinzip \u201eVon der Planung bis zur Inbetriebnahme\u201c \u2013 was bedeutet, dass unser Team Sie bei allen Arbeiten \u2013 von der Planung und Auslegung \u00fcber die Montage bis zur Inbetriebnahme \u2013 unterst\u00fctzt, wobei wir die St\u00f6rungen f\u00fcr Bewohner in ihrem Alltagsleben auf ein Minimum reduzieren.<br \/>\nJeder Aufzug ist einzigartig wegen seiner Herstellung nach Ma\u00df. Abh\u00e4ngig von dem jeweiligen Geb\u00e4udetyp finden wir die am besten geeignete technische L\u00f6sung. Die Gr\u00f6\u00dfe und die Anordnung des Treppenhauses geben vor, ob der Aufzug innerhalb des Geb\u00e4udes eingebaut werden kann oder ob ein Au\u00dfenaufzug an der Fassade Ihres Geb\u00e4udes Platz findet. Der Aufzug kann in der Mitte des Treppenhauses oder im Atrium, durch Abtragen eines Teils der Treppe, an der Fassade oder direkt in die Wohnung eingebaut werden.<\/p>\n<\/div><div class=\"fusion-sep-clear\"><\/div><div class=\"fusion-separator fusion-full-width-sep\" style=\"margin-left: auto;margin-right: auto;margin-top:-30px;width:100%;\"><\/div><div class=\"fusion-sep-clear\"><\/div><div class=\"fusion-clearfix\"><\/div><\/div><\/div><\/div><\/div><div class=\"fusion-fullwidth fullwidth-box fusion-builder-row-11 nonhundred-percent-fullwidth non-hundred-percent-height-scrolling\" style=\"background-color: #ffffff;background-position: center center;background-repeat: no-repeat;padding-top:0px;padding-right:0px;padding-bottom:0px;padding-left:0px;margin-bottom: 20px;margin-top: 0px;border-width: 0px 0px 0px 0px;border-color:#eae9e9;border-style:solid;\" ><div class=\"fusion-builder-row fusion-row\"><div class=\"fusion-layout-column fusion_builder_column fusion-builder-column-17 fusion_builder_column_1_2 1_2 fusion-one-half fusion-column-first\" style=\"width:48%; margin-right: 4%;margin-top:0px;margin-bottom:20px;\"><div class=\"fusion-column-wrapper fusion-flex-column-wrapper-legacy\" style=\"background-position:left top;background-repeat:no-repeat;-webkit-background-size:cover;-moz-background-size:cover;-o-background-size:cover;background-size:cover;padding: 0px 0px 0px 0px;\"><style type=\"text\/css\"><\/style><div class=\"fusion-title title fusion-title-9 sep-underline sep-solid fusion-title-text fusion-title-size-two\" style=\"border-bottom-color:#e0dede;margin-top:0px;margin-right:0px;margin-bottom:30px;margin-left:0px;\"><h2 class=\"title-heading-left fusion-responsive-typography-calculated\" style=\"margin:0;--fontSize:18;--minFontSize:18px;line-height:1.5;\">F\u00fcnf Schritte zu einem neuen Aufzug:<\/h2><\/div><div class=\"fusion-text fusion-text-6\"><p>ENTSCHEIDEN Zuerst m\u00fcssen Sie alle notwendigen Informationen \u00fcber die am besten geeigneten technischen L\u00f6sungen f\u00fcr Ihr Geb\u00e4ude finden, alle Genehmigungen und Subventionen beschaffen sowie eine grobe Berechnung der Kosten machen. Wenn Sie weitere Hilfe bei diesem Schritt ben\u00f6tigen, wenden Sie sich bitte an uns.<br \/>\nFINANZIERUNG Im zweiten Schritt m\u00fcssen Sie \u00fcberlegen, wie Sie das Projekt finanzieren wollen und wie sich die Bewohner an Kosten beteiligen sollen.<br \/>\nPLANUNG Wir werden den Standort der Installation des Aufzuges bestimmen, die Architektur- und Konstruktionszeichnungen machen, das Aufzugsdesign entwickeln, und Sie k\u00f6nnen sicherstellen, dass alle Genehmigungen vorliegen.<br \/>\nBAUARBEITEN Diese Phase umfasst die Vorbereitung des Geb\u00e4udes, die Installation der Konstruktion, den Einbau des Aufzuges und die Endreinigung. Zur geplanten \u00dcbergabe f\u00fchren wir einen umfassenden Sicherheits- und Leistungscheck durch.<br \/>\nWARTUNG Unsere Wartungspakete sorgen daf\u00fcr, dass Ihre Anlagen stets zuverl\u00e4ssig und normenkornform sind &#8211; ein ganzes Geb\u00e4udeleben lang. Falls Probleme auftreten, unsere qualifizierten Servicetechniker sorgen daf\u00fcr, dass St\u00f6rungen schnell behoben werden.<\/p>\n<p>Das Unternehmen SIGET DIZALA gew\u00e4hrleistet Garantie, Wartung und Ersatzteilbeschaffung.<\/p>\n<\/div><div class=\"fusion-sep-clear\"><\/div><div class=\"fusion-separator fusion-full-width-sep\" style=\"margin-left: auto;margin-right: auto;margin-top:-30px;width:100%;\"><\/div><div class=\"fusion-sep-clear\"><\/div><div class=\"fusion-clearfix\"><\/div><\/div><\/div><div class=\"fusion-layout-column fusion_builder_column fusion-builder-column-18 fusion_builder_column_1_2 1_2 fusion-one-half fusion-column-last\" style=\"width:48%;margin-top:0px;margin-bottom:20px;\"><div class=\"fusion-column-wrapper fusion-flex-column-wrapper-legacy\" style=\"background-position:left top;background-repeat:no-repeat;-webkit-background-size:cover;-moz-background-size:cover;-o-background-size:cover;background-size:cover;padding: 0px 0px 0px 0px;\"><span class=\" fusion-imageframe imageframe-none imageframe-6 hover-type-none\"><img decoding=\"async\" width=\"1024\" height=\"684\" title=\"SIGET_DIZALA-dizala-za-zgrade-2\" src=\"http:\/\/siget-dizala.hr\/wp-content\/uploads\/2017\/02\/SIGET_DIZALA-dizala-za-zgrade-2-1024x684.jpg\" alt class=\"img-responsive wp-image-12788\" srcset=\"https:\/\/siget-dizala.hr\/wp-content\/uploads\/2017\/02\/SIGET_DIZALA-dizala-za-zgrade-2-200x134.jpg 200w, https:\/\/siget-dizala.hr\/wp-content\/uploads\/2017\/02\/SIGET_DIZALA-dizala-za-zgrade-2-400x267.jpg 400w, https:\/\/siget-dizala.hr\/wp-content\/uploads\/2017\/02\/SIGET_DIZALA-dizala-za-zgrade-2-600x401.jpg 600w, https:\/\/siget-dizala.hr\/wp-content\/uploads\/2017\/02\/SIGET_DIZALA-dizala-za-zgrade-2-800x534.jpg 800w, https:\/\/siget-dizala.hr\/wp-content\/uploads\/2017\/02\/SIGET_DIZALA-dizala-za-zgrade-2.jpg 1200w\" sizes=\"(max-width: 800px) 100vw, 600px\" \/><\/span><div class=\"fusion-clearfix\"><\/div><\/div><\/div><\/div><\/div><div class=\"fusion-fullwidth fullwidth-box fusion-builder-row-12 nonhundred-percent-fullwidth non-hundred-percent-height-scrolling\" style=\"background-color: #ffffff;background-position: center center;background-repeat: no-repeat;padding-top:20px;padding-right:0px;padding-bottom:20px;padding-left:0px;margin-bottom: 0px;margin-top: 0px;border-width: 0px 0px 0px 0px;border-color:#eae9e9;border-style:solid;\" ><div class=\"fusion-builder-row fusion-row\"><div class=\"fusion-layout-column fusion_builder_column fusion-builder-column-19 fusion_builder_column_1_2 1_2 fusion-one-half fusion-column-first\" style=\"width:50%;width:calc(50% - ( ( 4% ) * 0.5 ) );margin-right: 4%;margin-top:0px;margin-bottom:20px;\"><div class=\"fusion-column-wrapper fusion-flex-column-wrapper-legacy\" style=\"background-position:left top;background-repeat:no-repeat;-webkit-background-size:cover;-moz-background-size:cover;-o-background-size:cover;background-size:cover;padding: 0px 0px 0px 0px;\"><style type='text\/css'>.reading-box-container-5 .element-bottomshadow:before,.reading-box-container-5 .element-bottomshadow:after{opacity:0.7;}<\/style><div class=\"fusion-reading-box-container reading-box-container-5\" style=\"margin-top:0px;margin-bottom:84px;\"><div class=\"reading-box\" style=\"background-color:#f6f6f6;border-width:1px;border-color:#f6f6f6;border-left-width:3px;border-left-color:var(--primary_color);border-style:solid;\"><a class=\"button fusion-button button-default fusion-button-default-size button-default-size button-flat fusion-desktop-button fusion-tagline-button continue fusion-desktop-button-margin continue-right\" style=\"-webkit-box-shadow:none;-moz-box-shadow:none;box-shadow:none;border-radius:2px 2px 2px 2px\" href=\"katalog-u-izradi\/\" target=\"_self\"><span>KATALOG<\/span><\/a><h2>PDF herunterladen<\/h2><div class=\"reading-box-description fusion-reading-box-additional\">Technische Daten finden Sie im Katalog<\/div><div class=\"fusion-clearfix\"><\/div><a class=\"button fusion-button button-default fusion-button-default-size button-default-size button-flat fusion-mobile-button continue-right\" style=\"-webkit-box-shadow:none;-moz-box-shadow:none;box-shadow:none;border-radius:2px 2px 2px 2px\" href=\"katalog-u-izradi\/\" target=\"_self\"><span>KATALOG<\/span><\/a><\/div><\/div><div class=\"fusion-clearfix\"><\/div><\/div><\/div><div class=\"fusion-layout-column fusion_builder_column fusion-builder-column-20 fusion_builder_column_1_2 1_2 fusion-one-half fusion-column-last\" style=\"width:50%;width:calc(50% - ( ( 4% ) * 0.5 ) );margin-top:0px;margin-bottom:20px;\"><div class=\"fusion-column-wrapper fusion-flex-column-wrapper-legacy\" style=\"background-position:left top;background-repeat:no-repeat;-webkit-background-size:cover;-moz-background-size:cover;-o-background-size:cover;background-size:cover;padding: 0px 0px 0px 0px;\"><style type='text\/css'>.reading-box-container-6 .element-bottomshadow:before,.reading-box-container-6 .element-bottomshadow:after{opacity:0.7;}<\/style><div class=\"fusion-reading-box-container reading-box-container-6\" style=\"margin-top:0px;margin-bottom:84px;\"><div class=\"reading-box\" style=\"background-color:#f6f6f6;border-width:1px;border-color:#f6f6f6;border-left-width:3px;border-left-color:var(--primary_color);border-style:solid;\"><a class=\"button fusion-button button-default fusion-button-default-size button-default-size button-flat fusion-desktop-button fusion-tagline-button continue fusion-desktop-button-margin continue-right\" style=\"-webkit-box-shadow:none;-moz-box-shadow:none;box-shadow:none;border-radius:2px 2px 2px 2px\" href=\"kontakt\" target=\"_self\"><span>Kontakt<\/span><\/a><h2>Kontaktieren Sie uns <\/h2><div class=\"reading-box-description fusion-reading-box-additional\">weitere Informationen und fordern Sie ein Angebot an<\/div><div class=\"fusion-clearfix\"><\/div><a class=\"button fusion-button button-default fusion-button-default-size button-default-size button-flat fusion-mobile-button continue-right\" style=\"-webkit-box-shadow:none;-moz-box-shadow:none;box-shadow:none;border-radius:2px 2px 2px 2px\" href=\"kontakt\" target=\"_self\"><span>Kontakt<\/span><\/a><\/div><\/div><div class=\"fusion-clearfix\"><\/div><\/div><\/div><\/div><\/div><\/p>","protected":false},"excerpt":{"rendered":"","protected":false},"author":1,"featured_media":0,"parent":12233,"menu_order":0,"comment_status":"closed","ping_status":"closed","template":"100-width.php","meta":{"footnotes":""},"class_list":["post-12131","page","type-page","status-publish","hentry"],"_links":{"self":[{"href":"https:\/\/siget-dizala.hr\/de\/wp-json\/wp\/v2\/pages\/12131","targetHints":{"allow":["GET"]}}],"collection":[{"href":"https:\/\/siget-dizala.hr\/de\/wp-json\/wp\/v2\/pages"}],"about":[{"href":"https:\/\/siget-dizala.hr\/de\/wp-json\/wp\/v2\/types\/page"}],"author":[{"embeddable":true,"href":"https:\/\/siget-dizala.hr\/de\/wp-json\/wp\/v2\/users\/1"}],"replies":[{"embeddable":true,"href":"https:\/\/siget-dizala.hr\/de\/wp-json\/wp\/v2\/comments?post=12131"}],"version-history":[{"count":27,"href":"https:\/\/siget-dizala.hr\/de\/wp-json\/wp\/v2\/pages\/12131\/revisions"}],"predecessor-version":[{"id":13024,"href":"https:\/\/siget-dizala.hr\/de\/wp-json\/wp\/v2\/pages\/12131\/revisions\/13024"}],"up":[{"embeddable":true,"href":"https:\/\/siget-dizala.hr\/de\/wp-json\/wp\/v2\/pages\/12233"}],"wp:attachment":[{"href":"https:\/\/siget-dizala.hr\/de\/wp-json\/wp\/v2\/media?parent=12131"}],"curies":[{"name":"wp","href":"https:\/\/api.w.org\/{rel}","templated":true}]}}