{"id":12100,"date":"2017-02-08T13:16:41","date_gmt":"2017-02-08T13:16:41","guid":{"rendered":"http:\/\/siget-dizala.e-ito.hr\/?page_id=12100"},"modified":"2023-11-19T20:47:06","modified_gmt":"2023-11-19T19:47:06","slug":"o-nama","status":"publish","type":"page","link":"https:\/\/siget-dizala.hr\/de\/o-nama\/","title":{"rendered":"\u00dcber uns"},"content":{"rendered":"<p><div class=\"fusion-fullwidth fullwidth-box fusion-builder-row-7 hundred-percent-fullwidth non-hundred-percent-height-scrolling\" style=\"background-color: #ffffff;background-position: center center;background-repeat: no-repeat;padding-top:0px;padding-right:0px;padding-bottom:20px;padding-left:0px;margin-bottom: 0px;margin-top: 0px;border-width: 0px 0px 0px 0px;border-color:#eae9e9;border-style:solid;\" ><div class=\"fusion-builder-row fusion-row\"><div class=\"fusion-layout-column fusion_builder_column fusion-builder-column-8 fusion_builder_column_1_1 1_1 fusion-one-full fusion-column-first fusion-column-last\" style=\"margin-top:0px;margin-bottom:20px;\"><div class=\"fusion-column-wrapper fusion-flex-column-wrapper-legacy\" style=\"background-position:left top;background-repeat:no-repeat;-webkit-background-size:cover;-moz-background-size:cover;-o-background-size:cover;background-size:cover;padding: 0px 0px 0px 0px;\">\t\t\t\t\t<div class=\"fusion-slider-container fusion-slider-sc-o-nama-single-slider fusion-slider-22 full-width-slider\" data-id=\"22\" data-full_height=\"\" style=\"height:600px; max-width:100%;\">\n\t\t\t\t\t\t<style type=\"text\/css\">.fusion-slider-22 .flex-direction-nav a {width:63px;height:63px;line-height:63px;font-size:25px;}<\/style>\t\t\t\t\t\t<div class=\"fusion-slider-loading\">Loading...<\/div>\n\t\t\t\t\t\t<div class=\"tfs-slider flexslider main-flex full-width-slider\" data-slider_width=\"100%\" data-slider_height=\"600px\" data-full_screen=\"0\" data-parallax=\"0\" data-nav_arrows=\"1\" data-nav_box_width=\"63px\" data-nav_box_height=\"63px\" data-nav_arrow_size=\"25px\" data-pagination_circles=\"0\" data-autoplay=\"0\" data-loop=\"0\" data-animation=\"fade\" data-slideshow_speed=\"7000\" data-animation_speed=\"600\" data-typo_sensitivity=\"1\" data-typo_factor=\"1.5\" style=\"max-width:100%;\">\n\t\t\t\t\t\t\t<ul class=\"slides\">\n\t\t\t\t\t\t\t\t\t\t\t\t\t\t\t\t\t<li data-mute=\"yes\" data-loop=\"yes\" data-autoplay=\"yes\">\n\t\t\t\t\t\t\t\t\t\t<div class=\"slide-content-container slide-content-center\" style=\"display: none;\">\n\t\t\t\t\t\t\t\t\t\t\t<div class=\"slide-content\" style=\"\">\n\t\t\t\t\t\t\t\t\t\t\t\t\t\t\t\t\t\t\t\t\t\t\t\t\t<div class=\"heading with-bg\">\n\t\t\t\t\t\t\t\t\t\t\t\t\t\t<div class=\"fusion-title-sc-wrapper\" style=\"background-color: rgba(0,0,0, 0.4);\">\n\t\t\t\t\t\t\t\t\t\t\t\t\t\t\t<style type=\"text\/css\"><\/style><div class=\"fusion-title title fusion-title-7 fusion-sep-none fusion-title-center fusion-title-text fusion-title-size-two\" style=\"font-size:60px;margin-top:0px;margin-right:0px;margin-bottom:0px;margin-left:0px;\"><h2 class=\"title-heading-center fusion-responsive-typography-calculated\" style=\"margin:0;font-size:1em;--fontSize:60;line-height:1.33;\">\u00dcber uns<\/h2><\/div>\t\t\t\t\t\t\t\t\t\t\t\t\t\t<\/div>\n\t\t\t\t\t\t\t\t\t\t\t\t\t<\/div>\n\t\t\t\t\t\t\t\t\t\t\t\t\t\t\t\t\t\t\t\t\t\t\t\t\t\t\t\t\t\t\t\t\t\t\t\t\t\t\t\t\t\t\t\t\t\t\t<\/div>\n\t\t\t\t\t\t\t\t\t\t<\/div>\n\t\t\t\t\t\t\t\t\t\t\t\t\t\t\t\t\t\t\t\t\t\t\t\t\t\t\t\t\t\t\t\t\t\t\t\t\t\t\t\t<div class=\"background background-image\" style=\"background-image: url(https:\/\/siget-dizala.hr\/wp-content\/uploads\/2017\/02\/SIGET_DIZALA-o-nama.jpeg);max-width:100%;height:600px;filter: progid:DXImageTransform.Microsoft.AlphaImageLoader(src='https:\/\/siget-dizala.hr\/wp-content\/uploads\/2017\/02\/SIGET_DIZALA-o-nama.jpeg', sizingMethod='scale');\" data-imgwidth=\"1152\">\n\t\t\t\t\t\t\t\t\t\t\t\t\t\t\t\t\t\t\t\t\t\t\t\t\t\t\t\t\t\t\t\t\t\t\t\t\t\t\t\t\t\t\t\t\t\t\t\t\t\t\t\t\t\t\t\t\t\t\t\t\t\t\t\t\t\t<\/div>\n\t\t\t\t\t\t\t\t\t<\/li>\n\t\t\t\t\t\t\t\t\t\t\t\t\t\t\t\t\t\t\t\t\t\t\t<\/ul>\n\t\t\t\t\t\t<\/div>\n\t\t\t\t\t<\/div>\n\t\t\t\t\t\t\t\t<div class=\"fusion-clearfix\"><\/div><\/div><\/div><\/div><\/div><div class=\"fusion-fullwidth fullwidth-box fusion-builder-row-8 nonhundred-percent-fullwidth non-hundred-percent-height-scrolling\" style=\"background-color: #ffffff;background-position: center center;background-repeat: no-repeat;padding-top:20px;padding-right:0px;padding-bottom:20px;padding-left:0px;margin-bottom: 0px;margin-top: 0px;border-width: 0px 0px 0px 0px;border-color:#eae9e9;border-style:solid;\" ><div class=\"fusion-builder-row fusion-row\"><div class=\"fusion-layout-column fusion_builder_column fusion-builder-column-9 fusion_builder_column_1_2 1_2 fusion-one-half fusion-column-first\" style=\"width:50%;width:calc(50% - ( ( 4% ) * 0.5 ) );margin-right: 4%;margin-top:0px;margin-bottom:20px;\"><div class=\"fusion-column-wrapper fusion-flex-column-wrapper-legacy\" style=\"background-position:left top;background-repeat:no-repeat;-webkit-background-size:cover;-moz-background-size:cover;-o-background-size:cover;background-size:cover;padding: 0px 0px 0px 0px;\"><style type=\"text\/css\"><\/style><div class=\"fusion-title title fusion-title-8 fusion-sep-none fusion-title-text fusion-title-size-one\" style=\"margin-top:0px;margin-right:0px;margin-bottom:30px;margin-left:0px;\"><h1 class=\"title-heading-left fusion-responsive-typography-calculated\" style=\"margin:0;--fontSize:33;line-height:1.45;\">Mehr als 25 Jahre Erfahrung in der Herstellung von Aufz\u00fcgen!<\/h1><\/div><div class=\"fusion-text fusion-text-3\"><p>SIGET DIZALA ist auf die Planung und Herstellung von Aufz\u00fcgen nach Ma\u00df<br \/>\nspezialisiert. Auf Ihren Wunsch produzieren wir komplette Aufz\u00fcge oder nur die<br \/>\nnotwendigen Aufzugskomponenten.<br \/>\nStreben nach Qualit\u00e4t, Know-How und Erfahrung unserer Mitarbeiter erm\u00f6glichen die<br \/>\nRealisierung der anspruchsvollsten und einzigartigen Projekte und sorgen f\u00fcr die<br \/>\nZuverl\u00e4ssigkeit und Haltbarkeit der hergestellten Aufz\u00fcge. Unsere Mitarbeiter sind<br \/>\nunsere St\u00e4rke. Derzeit besch\u00e4ftigt das Unternehmen 23 Mitarbeiter, davon 8<br \/>\nAkademiker. Wir f\u00f6rdern die Aus- und Weiterbildung unserer Mitarbeiter \u2013 genau<br \/>\ndiese Einstellung tr\u00e4gt der Modernisierung und Digitalisierung der Gesch\u00e4ftst\u00e4tigkeit<br \/>\nbei und bietet einen sicheren Weg zum Erfolg.<br \/>\nDas Unternehmen SIGET DIZALA liefert komplette Aufz\u00fcge f\u00fcr zahlreiche Montage-<br \/>\nund Partnerfirmen, die unter ihrem eigenen Namen unsere Aufz\u00fcge installieren. So<br \/>\nsind unsere Aufz\u00fcge in vielen bekannten Gesch\u00e4fts- und Einkaufszentren,<br \/>\nKrankenh\u00e4usern und Wohngeb\u00e4uden zu finden.<br \/>\nWir arbeiten mit dauerhafter und hoch positiver Beziehung zu unseren Kunden,<br \/>\nMitarbeitern sowie Gesch\u00e4ftspartnern, welche sich nach gegenseitigem Respekt und<\/p>\n<p>Integrit\u00e4t richten. Kontaktieren Sie uns mit vollem Vertrauen und wir versprechen<br \/>\nIhnen: SIGET DIZALA wird Sie nicht entt\u00e4uschen.<br \/>\n\u201eAlways deliver more than expected\u201c \u2013 Larry Page<br \/>\n\u201eImmer die Erwartungen \u00fcbertreffen!\u201c<\/p>\n<\/div><div class=\"fusion-clearfix\"><\/div><\/div><\/div><div class=\"fusion-layout-column fusion_builder_column fusion-builder-column-10 fusion_builder_column_1_2 1_2 fusion-one-half fusion-column-last\" style=\"width:50%;width:calc(50% - ( ( 4% ) * 0.5 ) );margin-top:0px;margin-bottom:20px;\"><div class=\"fusion-column-wrapper fusion-flex-column-wrapper-legacy\" style=\"background-position:left top;background-repeat:no-repeat;-webkit-background-size:cover;-moz-background-size:cover;-o-background-size:cover;background-size:cover;padding: 0px 0px 0px 0px;\"><span class=\" fusion-imageframe imageframe-none imageframe-3 hover-type-none\"><img decoding=\"async\" width=\"1024\" height=\"683\" title=\"SIGET_DIZALA_zaposlenici\" src=\"http:\/\/siget-dizala.hr\/wp-content\/uploads\/2017\/02\/SIGET_DIZALA_zaposlenici-1024x683.jpg\" alt class=\"img-responsive wp-image-12812\" srcset=\"https:\/\/siget-dizala.hr\/wp-content\/uploads\/2017\/02\/SIGET_DIZALA_zaposlenici-200x133.jpg 200w, https:\/\/siget-dizala.hr\/wp-content\/uploads\/2017\/02\/SIGET_DIZALA_zaposlenici-400x267.jpg 400w, https:\/\/siget-dizala.hr\/wp-content\/uploads\/2017\/02\/SIGET_DIZALA_zaposlenici-600x400.jpg 600w, https:\/\/siget-dizala.hr\/wp-content\/uploads\/2017\/02\/SIGET_DIZALA_zaposlenici-800x533.jpg 800w, https:\/\/siget-dizala.hr\/wp-content\/uploads\/2017\/02\/SIGET_DIZALA_zaposlenici-1200x800.jpg 1200w, https:\/\/siget-dizala.hr\/wp-content\/uploads\/2017\/02\/SIGET_DIZALA_zaposlenici.jpg 4592w\" sizes=\"(max-width: 800px) 100vw, 600px\" \/><\/span><div class=\"fusion-clearfix\"><\/div><\/div><\/div><\/div><\/div><div class=\"fusion-fullwidth fullwidth-box fusion-builder-row-9 nonhundred-percent-fullwidth non-hundred-percent-height-scrolling\" style=\"background-color: #ffffff;background-position: center center;background-repeat: no-repeat;padding-top:20px;padding-right:0px;padding-bottom:20px;padding-left:0px;margin-bottom: 0px;margin-top: 0px;border-width: 0px 0px 0px 0px;border-color:#eae9e9;border-style:solid;\" ><div class=\"fusion-builder-row fusion-row\"><div class=\"fusion-layout-column fusion_builder_column fusion-builder-column-11 fusion_builder_column_1_1 1_1 fusion-one-full fusion-column-first fusion-column-last\" style=\"margin-top:0px;margin-bottom:20px;\"><div class=\"fusion-column-wrapper fusion-flex-column-wrapper-legacy\" style=\"background-position:left top;background-repeat:no-repeat;-webkit-background-size:cover;-moz-background-size:cover;-o-background-size:cover;background-size:cover;padding: 0px 0px 0px 0px;\"><style type=\"text\/css\"><\/style><div class=\"fusion-title title fusion-title-9 fusion-sep-none fusion-title-text fusion-title-size-one\" style=\"margin-top:0px;margin-right:0px;margin-bottom:30px;margin-left:0px;\"><h1 class=\"title-heading-left fusion-responsive-typography-calculated\" style=\"margin:0;--fontSize:33;line-height:1.45;\">Unsere Partnerunternehmen<\/h1><\/div><div class=\"fusion-image-carousel fusion-image-carousel-auto fusion-image-carousel-3 lightbox-enabled\"><div class=\"fusion-carousel\" data-autoplay=\"no\" data-columns=\"6\" data-itemmargin=\"13\" data-itemwidth=\"180\" data-touchscroll=\"yes\" data-imagesize=\"auto\" data-scrollitems=\"1\"><div class=\"fusion-carousel-positioner\"><ul class=\"fusion-carousel-holder\"><li class=\"fusion-carousel-item\"><div class=\"fusion-carousel-item-wrapper\"><div class=\"fusion-image-wrapper hover-type-liftup\"><img decoding=\"async\" width=\"1200\" height=\"927\" src=\"https:\/\/siget-dizala.hr\/wp-content\/uploads\/2017\/02\/Thyssenkrupp_SIGET_DIZALA.png\" class=\"attachment-full size-full\" alt=\"\" srcset=\"https:\/\/siget-dizala.hr\/wp-content\/uploads\/2017\/02\/Thyssenkrupp_SIGET_DIZALA-200x155.png 200w, https:\/\/siget-dizala.hr\/wp-content\/uploads\/2017\/02\/Thyssenkrupp_SIGET_DIZALA-400x309.png 400w, https:\/\/siget-dizala.hr\/wp-content\/uploads\/2017\/02\/Thyssenkrupp_SIGET_DIZALA-600x464.png 600w, https:\/\/siget-dizala.hr\/wp-content\/uploads\/2017\/02\/Thyssenkrupp_SIGET_DIZALA-800x618.png 800w, https:\/\/siget-dizala.hr\/wp-content\/uploads\/2017\/02\/Thyssenkrupp_SIGET_DIZALA.png 1200w\" sizes=\"(min-width: 2200px) 100vw, (min-width: 1099px) 173px, (min-width: 1007px) 207px, (min-width: 915px) 259px, (min-width: 824px) 345px, (min-width: 732px) 518px, (min-width: 640px) 732px, \" \/><\/div><\/div><\/li><li class=\"fusion-carousel-item\"><div class=\"fusion-carousel-item-wrapper\"><div class=\"fusion-image-wrapper hover-type-liftup\"><img decoding=\"async\" width=\"141\" height=\"70\" src=\"https:\/\/siget-dizala.hr\/wp-content\/uploads\/2017\/02\/OTISSIGET_DIZALA.jpg\" class=\"attachment-full size-full\" alt=\"\" \/><\/div><\/div><\/li><li class=\"fusion-carousel-item\"><div class=\"fusion-carousel-item-wrapper\"><div class=\"fusion-image-wrapper hover-type-liftup\"><img decoding=\"async\" width=\"94\" height=\"62\" src=\"https:\/\/siget-dizala.hr\/wp-content\/uploads\/2017\/02\/KONE_SIGET_DIZALA.jpg\" class=\"attachment-full size-full\" alt=\"\" \/><\/div><\/div><\/li><li class=\"fusion-carousel-item\"><div class=\"fusion-carousel-item-wrapper\"><div class=\"fusion-image-wrapper hover-type-liftup\"><img decoding=\"async\" width=\"717\" height=\"491\" src=\"https:\/\/siget-dizala.hr\/wp-content\/uploads\/2017\/02\/Kleemann_SIGET_DIZALA.jpg\" class=\"attachment-full size-full\" alt=\"\" srcset=\"https:\/\/siget-dizala.hr\/wp-content\/uploads\/2017\/02\/Kleemann_SIGET_DIZALA-200x137.jpg 200w, https:\/\/siget-dizala.hr\/wp-content\/uploads\/2017\/02\/Kleemann_SIGET_DIZALA-400x274.jpg 400w, https:\/\/siget-dizala.hr\/wp-content\/uploads\/2017\/02\/Kleemann_SIGET_DIZALA-600x411.jpg 600w, https:\/\/siget-dizala.hr\/wp-content\/uploads\/2017\/02\/Kleemann_SIGET_DIZALA.jpg 717w\" sizes=\"(min-width: 2200px) 100vw, (min-width: 1099px) 173px, (min-width: 1007px) 207px, (min-width: 915px) 259px, (min-width: 824px) 345px, (min-width: 732px) 518px, (min-width: 640px) 732px, \" \/><\/div><\/div><\/li><li class=\"fusion-carousel-item\"><div class=\"fusion-carousel-item-wrapper\"><div class=\"fusion-image-wrapper hover-type-liftup\"><img decoding=\"async\" width=\"206\" height=\"83\" src=\"https:\/\/siget-dizala.hr\/wp-content\/uploads\/2017\/02\/KLEFER_SIGET_DIZALA.jpg\" class=\"attachment-full size-full\" alt=\"\" srcset=\"https:\/\/siget-dizala.hr\/wp-content\/uploads\/2017\/02\/KLEFER_SIGET_DIZALA-200x81.jpg 200w, https:\/\/siget-dizala.hr\/wp-content\/uploads\/2017\/02\/KLEFER_SIGET_DIZALA.jpg 206w\" sizes=\"(min-width: 2200px) 100vw, (min-width: 1099px) 173px, (min-width: 1007px) 207px, (min-width: 915px) 259px, (min-width: 824px) 345px, (min-width: 732px) 518px, (min-width: 640px) 732px, \" \/><\/div><\/div><\/li><li class=\"fusion-carousel-item\"><div class=\"fusion-carousel-item-wrapper\"><div class=\"fusion-image-wrapper hover-type-liftup\"><img decoding=\"async\" width=\"237\" height=\"63\" src=\"https:\/\/siget-dizala.hr\/wp-content\/uploads\/2017\/02\/ZIEHLABEGG_SIGET_DIZALA.jpg\" class=\"attachment-full size-full\" alt=\"\" srcset=\"https:\/\/siget-dizala.hr\/wp-content\/uploads\/2017\/02\/ZIEHLABEGG_SIGET_DIZALA-200x53.jpg 200w, https:\/\/siget-dizala.hr\/wp-content\/uploads\/2017\/02\/ZIEHLABEGG_SIGET_DIZALA.jpg 237w\" sizes=\"(min-width: 2200px) 100vw, (min-width: 1099px) 173px, (min-width: 1007px) 207px, (min-width: 915px) 259px, (min-width: 824px) 345px, (min-width: 732px) 518px, (min-width: 640px) 732px, \" \/><\/div><\/div><\/li><li class=\"fusion-carousel-item\"><div class=\"fusion-carousel-item-wrapper\"><div class=\"fusion-image-wrapper hover-type-liftup\"><img decoding=\"async\" width=\"220\" height=\"187\" src=\"https:\/\/siget-dizala.hr\/wp-content\/uploads\/2017\/02\/WITTUR_SIGET_DIZALA.png\" class=\"attachment-full size-full\" alt=\"\" srcset=\"https:\/\/siget-dizala.hr\/wp-content\/uploads\/2017\/02\/WITTUR_SIGET_DIZALA-200x170.png 200w, https:\/\/siget-dizala.hr\/wp-content\/uploads\/2017\/02\/WITTUR_SIGET_DIZALA.png 220w\" sizes=\"(min-width: 2200px) 100vw, (min-width: 1099px) 173px, (min-width: 1007px) 207px, (min-width: 915px) 259px, (min-width: 824px) 345px, (min-width: 732px) 518px, (min-width: 640px) 732px, \" \/><\/div><\/div><\/li><li class=\"fusion-carousel-item\"><div class=\"fusion-carousel-item-wrapper\"><div class=\"fusion-image-wrapper hover-type-liftup\"><img decoding=\"async\" width=\"192\" height=\"196\" src=\"https:\/\/siget-dizala.hr\/wp-content\/uploads\/2017\/02\/SASSI_SIGET_DIZALA.jpg\" class=\"attachment-full size-full\" alt=\"\" \/><\/div><\/div><\/li><li class=\"fusion-carousel-item\"><div class=\"fusion-carousel-item-wrapper\"><div class=\"fusion-image-wrapper hover-type-liftup\"><img decoding=\"async\" width=\"1238\" height=\"1238\" src=\"https:\/\/siget-dizala.hr\/wp-content\/uploads\/2017\/02\/pfb_SIGET_DIZALA.png\" class=\"attachment-full size-full\" alt=\"\" srcset=\"https:\/\/siget-dizala.hr\/wp-content\/uploads\/2017\/02\/pfb_SIGET_DIZALA-200x200.png 200w, https:\/\/siget-dizala.hr\/wp-content\/uploads\/2017\/02\/pfb_SIGET_DIZALA-400x400.png 400w, https:\/\/siget-dizala.hr\/wp-content\/uploads\/2017\/02\/pfb_SIGET_DIZALA-600x600.png 600w, https:\/\/siget-dizala.hr\/wp-content\/uploads\/2017\/02\/pfb_SIGET_DIZALA-800x800.png 800w, https:\/\/siget-dizala.hr\/wp-content\/uploads\/2017\/02\/pfb_SIGET_DIZALA-1200x1200.png 1200w, https:\/\/siget-dizala.hr\/wp-content\/uploads\/2017\/02\/pfb_SIGET_DIZALA.png 1238w\" sizes=\"(min-width: 2200px) 100vw, (min-width: 1099px) 173px, (min-width: 1007px) 207px, (min-width: 915px) 259px, (min-width: 824px) 345px, (min-width: 732px) 518px, (min-width: 640px) 732px, \" \/><\/div><\/div><\/li><li class=\"fusion-carousel-item\"><div class=\"fusion-carousel-item-wrapper\"><div class=\"fusion-image-wrapper hover-type-liftup\"><img decoding=\"async\" width=\"410\" height=\"200\" src=\"https:\/\/siget-dizala.hr\/wp-content\/uploads\/2017\/02\/Monteferro_SIGET_DIZALA.jpg\" class=\"attachment-full size-full\" alt=\"\" srcset=\"https:\/\/siget-dizala.hr\/wp-content\/uploads\/2017\/02\/Monteferro_SIGET_DIZALA-200x98.jpg 200w, https:\/\/siget-dizala.hr\/wp-content\/uploads\/2017\/02\/Monteferro_SIGET_DIZALA-400x195.jpg 400w, https:\/\/siget-dizala.hr\/wp-content\/uploads\/2017\/02\/Monteferro_SIGET_DIZALA.jpg 410w\" sizes=\"(min-width: 2200px) 100vw, (min-width: 1099px) 173px, (min-width: 1007px) 207px, (min-width: 915px) 259px, (min-width: 824px) 345px, (min-width: 732px) 518px, (min-width: 640px) 732px, \" \/><\/div><\/div><\/li><li class=\"fusion-carousel-item\"><div class=\"fusion-carousel-item-wrapper\"><div class=\"fusion-image-wrapper hover-type-liftup\"><img decoding=\"async\" width=\"108\" height=\"107\" src=\"https:\/\/siget-dizala.hr\/wp-content\/uploads\/2017\/02\/MONTANARI_SIGET_DIZALA.jpg\" class=\"attachment-full size-full\" alt=\"\" \/><\/div><\/div><\/li><li class=\"fusion-carousel-item\"><div class=\"fusion-carousel-item-wrapper\"><div class=\"fusion-image-wrapper hover-type-liftup\"><img decoding=\"async\" width=\"2844\" height=\"492\" src=\"https:\/\/siget-dizala.hr\/wp-content\/uploads\/2017\/02\/GUSTAV-WOLF_SIGET_DIZALA.png\" class=\"attachment-full size-full\" alt=\"\" srcset=\"https:\/\/siget-dizala.hr\/wp-content\/uploads\/2017\/02\/GUSTAV-WOLF_SIGET_DIZALA-200x35.png 200w, https:\/\/siget-dizala.hr\/wp-content\/uploads\/2017\/02\/GUSTAV-WOLF_SIGET_DIZALA-400x69.png 400w, https:\/\/siget-dizala.hr\/wp-content\/uploads\/2017\/02\/GUSTAV-WOLF_SIGET_DIZALA-600x104.png 600w, https:\/\/siget-dizala.hr\/wp-content\/uploads\/2017\/02\/GUSTAV-WOLF_SIGET_DIZALA-800x138.png 800w, https:\/\/siget-dizala.hr\/wp-content\/uploads\/2017\/02\/GUSTAV-WOLF_SIGET_DIZALA-1200x208.png 1200w, https:\/\/siget-dizala.hr\/wp-content\/uploads\/2017\/02\/GUSTAV-WOLF_SIGET_DIZALA.png 2844w\" sizes=\"(min-width: 2200px) 100vw, (min-width: 1099px) 173px, (min-width: 1007px) 207px, (min-width: 915px) 259px, (min-width: 824px) 345px, (min-width: 732px) 518px, (min-width: 640px) 732px, \" \/><\/div><\/div><\/li><li class=\"fusion-carousel-item\"><div class=\"fusion-carousel-item-wrapper\"><div class=\"fusion-image-wrapper hover-type-liftup\"><img decoding=\"async\" width=\"221\" height=\"111\" src=\"https:\/\/siget-dizala.hr\/wp-content\/uploads\/2017\/02\/GMV_SIGET_DIZALA.jpg\" class=\"attachment-full size-full\" alt=\"\" srcset=\"https:\/\/siget-dizala.hr\/wp-content\/uploads\/2017\/02\/GMV_SIGET_DIZALA-200x100.jpg 200w, https:\/\/siget-dizala.hr\/wp-content\/uploads\/2017\/02\/GMV_SIGET_DIZALA.jpg 221w\" sizes=\"(min-width: 2200px) 100vw, (min-width: 1099px) 173px, (min-width: 1007px) 207px, (min-width: 915px) 259px, (min-width: 824px) 345px, (min-width: 732px) 518px, (min-width: 640px) 732px, \" \/><\/div><\/div><\/li><li class=\"fusion-carousel-item\"><div class=\"fusion-carousel-item-wrapper\"><div class=\"fusion-image-wrapper hover-type-liftup\"><img decoding=\"async\" width=\"258\" height=\"148\" src=\"https:\/\/siget-dizala.hr\/wp-content\/uploads\/2017\/02\/ETN_SIGET_DIZALA.jpg\" class=\"attachment-full size-full\" alt=\"\" srcset=\"https:\/\/siget-dizala.hr\/wp-content\/uploads\/2017\/02\/ETN_SIGET_DIZALA-200x115.jpg 200w, https:\/\/siget-dizala.hr\/wp-content\/uploads\/2017\/02\/ETN_SIGET_DIZALA.jpg 258w\" sizes=\"(min-width: 2200px) 100vw, (min-width: 1099px) 173px, (min-width: 1007px) 207px, (min-width: 915px) 259px, (min-width: 824px) 345px, (min-width: 732px) 518px, (min-width: 640px) 732px, \" \/><\/div><\/div><\/li><li class=\"fusion-carousel-item\"><div class=\"fusion-carousel-item-wrapper\"><div class=\"fusion-image-wrapper hover-type-liftup\"><img decoding=\"async\" width=\"347\" height=\"88\" src=\"https:\/\/siget-dizala.hr\/wp-content\/uploads\/2017\/02\/DYNATECH_SIGET_DIZALA.jpg\" class=\"attachment-full size-full\" alt=\"\" srcset=\"https:\/\/siget-dizala.hr\/wp-content\/uploads\/2017\/02\/DYNATECH_SIGET_DIZALA-200x51.jpg 200w, https:\/\/siget-dizala.hr\/wp-content\/uploads\/2017\/02\/DYNATECH_SIGET_DIZALA.jpg 347w\" sizes=\"(min-width: 2200px) 100vw, (min-width: 1099px) 173px, (min-width: 1007px) 207px, (min-width: 915px) 259px, (min-width: 824px) 345px, (min-width: 732px) 518px, (min-width: 640px) 732px, \" \/><\/div><\/div><\/li><li class=\"fusion-carousel-item\"><div class=\"fusion-carousel-item-wrapper\"><div class=\"fusion-image-wrapper hover-type-liftup\"><img decoding=\"async\" width=\"266\" height=\"97\" src=\"https:\/\/siget-dizala.hr\/wp-content\/uploads\/2017\/02\/DRAKO_SIGET_DIZALA.jpg\" class=\"attachment-full size-full\" alt=\"\" srcset=\"https:\/\/siget-dizala.hr\/wp-content\/uploads\/2017\/02\/DRAKO_SIGET_DIZALA-200x73.jpg 200w, https:\/\/siget-dizala.hr\/wp-content\/uploads\/2017\/02\/DRAKO_SIGET_DIZALA.jpg 266w\" sizes=\"(min-width: 2200px) 100vw, (min-width: 1099px) 173px, (min-width: 1007px) 207px, (min-width: 915px) 259px, (min-width: 824px) 345px, (min-width: 732px) 518px, (min-width: 640px) 732px, \" \/><\/div><\/div><\/li><\/ul><div class=\"fusion-carousel-nav\"><span class=\"fusion-nav-prev\"><\/span><span class=\"fusion-nav-next\"><\/span><\/div><\/div><\/div><\/div><div class=\"fusion-clearfix\"><\/div><\/div><\/div><\/div><\/div><\/p>","protected":false},"excerpt":{"rendered":"","protected":false},"author":1,"featured_media":0,"parent":0,"menu_order":0,"comment_status":"closed","ping_status":"closed","template":"100-width.php","meta":{"footnotes":""},"class_list":["post-12100","page","type-page","status-publish","hentry"],"_links":{"self":[{"href":"https:\/\/siget-dizala.hr\/de\/wp-json\/wp\/v2\/pages\/12100","targetHints":{"allow":["GET"]}}],"collection":[{"href":"https:\/\/siget-dizala.hr\/de\/wp-json\/wp\/v2\/pages"}],"about":[{"href":"https:\/\/siget-dizala.hr\/de\/wp-json\/wp\/v2\/types\/page"}],"author":[{"embeddable":true,"href":"https:\/\/siget-dizala.hr\/de\/wp-json\/wp\/v2\/users\/1"}],"replies":[{"embeddable":true,"href":"https:\/\/siget-dizala.hr\/de\/wp-json\/wp\/v2\/comments?post=12100"}],"version-history":[{"count":34,"href":"https:\/\/siget-dizala.hr\/de\/wp-json\/wp\/v2\/pages\/12100\/revisions"}],"predecessor-version":[{"id":13330,"href":"https:\/\/siget-dizala.hr\/de\/wp-json\/wp\/v2\/pages\/12100\/revisions\/13330"}],"wp:attachment":[{"href":"https:\/\/siget-dizala.hr\/de\/wp-json\/wp\/v2\/media?parent=12100"}],"curies":[{"name":"wp","href":"https:\/\/api.w.org\/{rel}","templated":true}]}}