{"id":11980,"date":"2017-02-06T13:31:22","date_gmt":"2017-02-06T13:31:22","guid":{"rendered":"http:\/\/siget-dizala.e-ito.hr\/?page_id=11980"},"modified":"2026-02-20T21:47:40","modified_gmt":"2026-02-20T20:47:40","slug":"proizvodi","status":"publish","type":"page","link":"https:\/\/siget-dizala.hr\/de\/proizvodi\/","title":{"rendered":"Produkte"},"content":{"rendered":"<p><div class=\"fusion-fullwidth fullwidth-box fusion-builder-row-1 fusion-flex-container nonhundred-percent-fullwidth non-hundred-percent-height-scrolling\" style=\"background-color: #ffffff;background-position: center center;background-repeat: no-repeat;border-width: 0px 0px 0px 0px;border-color:#eae9e9;border-style:solid;\" ><div class=\"fusion-builder-row fusion-row fusion-flex-align-items-flex-start\" style=\"max-width:1144px;margin-left: calc(-4% \/ 2 );margin-right: calc(-4% \/ 2 );\"><div class=\"fusion-layout-column fusion_builder_column fusion-builder-column-0 fusion_builder_column_1_1 1_1 fusion-flex-column\"><div class=\"fusion-column-wrapper fusion-flex-justify-content-flex-start fusion-content-layout-column\" style=\"background-position:left top;background-repeat:no-repeat;-webkit-background-size:cover;-moz-background-size:cover;-o-background-size:cover;background-size:cover;padding: 0px 0px 0px 0px;\"><div class=\"fusion-text fusion-text-1\"><p><\/p>\n<\/div><\/div><style type=\"text\/css\">.fusion-body .fusion-builder-column-8{width:100% !important;margin-top : 0px;margin-bottom : 0px;}.fusion-builder-column-8 > .fusion-column-wrapper {padding-top : 0px !important;padding-right : 0px !important;margin-right : 1.92%;padding-bottom : 0px !important;padding-left : 0px !important;margin-left : 1.92%;}@media only screen and (max-width:1024px) {.fusion-body .fusion-builder-column-8{width:100% !important;}.fusion-builder-column-8 > .fusion-column-wrapper {margin-right : 1.92%;margin-left : 1.92%;}}@media only screen and (max-width:640px) {.fusion-body .fusion-builder-column-8{width:100% !important;}.fusion-builder-column-8 > .fusion-column-wrapper {margin-right : 1.92%;margin-left : 1.92%;}}<\/style><\/div><\/div><style type=\"text\/css\">.fusion-body .fusion-flex-container.fusion-builder-row-5{ padding-top : 0px;margin-top : 0px;padding-right : 0px;padding-bottom : 0px;margin-bottom : 0px;padding-left : 0px;}<\/style><\/div><div class=\"fusion-fullwidth fullwidth-box fusion-builder-row-6 nonhundred-percent-fullwidth non-hundred-percent-height-scrolling\" style=\"background-color: #ffffff;background-position: center center;background-repeat: no-repeat;padding-top:20px;padding-right:0px;padding-bottom:20px;padding-left:0px;margin-bottom: 0px;margin-top: 0px;border-width: 0px 0px 0px 0px;border-color:#eae9e9;border-style:solid;\" ><div class=\"fusion-builder-row fusion-row\"><div class=\"fusion-layout-column fusion_builder_column fusion-builder-column-9 fusion_builder_column_1_3 1_3 fusion-one-third fusion-column-first fusion-column-inner-bg-wrapper fusion-animated\" style=\"width:33.333333333333%;width:calc(33.333333333333% - ( ( 4% + 4% ) * 0.33333333333333 ) );margin-right: 4%;margin-top:0px;margin-bottom:20px;\" data-animationType=\"fadeInRight\" data-animationDuration=\"0.3\" data-animationOffset=\"top-into-view\"><div class=\"fusion-column-wrapper fusion-flex-column-wrapper-legacy\" style=\"padding: 0px 0px 0px 0px;\"><div class=\"imageframe-align-center\"><span class=\" fusion-imageframe imageframe-none imageframe-7 hover-type-none proizvod-slika\"><img decoding=\"async\" width=\"1024\" height=\"683\" alt=\"SIGET_DIZALA-panoramska-dizala\" title=\"SIGET_DIZALA-panoramska-dizala\" src=\"http:\/\/siget-dizala.hr\/wp-content\/uploads\/2017\/04\/SIGET_DIZALA-panoramska-dizala-1024x683.jpg\" class=\"img-responsive wp-image-12769\" srcset=\"https:\/\/siget-dizala.hr\/wp-content\/uploads\/2017\/04\/SIGET_DIZALA-panoramska-dizala-200x133.jpg 200w, https:\/\/siget-dizala.hr\/wp-content\/uploads\/2017\/04\/SIGET_DIZALA-panoramska-dizala-400x267.jpg 400w, https:\/\/siget-dizala.hr\/wp-content\/uploads\/2017\/04\/SIGET_DIZALA-panoramska-dizala-600x400.jpg 600w, https:\/\/siget-dizala.hr\/wp-content\/uploads\/2017\/04\/SIGET_DIZALA-panoramska-dizala-800x534.jpg 800w, https:\/\/siget-dizala.hr\/wp-content\/uploads\/2017\/04\/SIGET_DIZALA-panoramska-dizala-1200x801.jpg 1200w, https:\/\/siget-dizala.hr\/wp-content\/uploads\/2017\/04\/SIGET_DIZALA-panoramska-dizala.jpg 2500w\" sizes=\"(max-width: 800px) 100vw, 400px\" \/><\/span><\/div><style type=\"text\/css\"><\/style><div class=\"fusion-title title fusion-title-7 fusion-sep-none fusion-title-text fusion-title-size-two\" style=\"margin-top:10px;margin-right:0px;margin-bottom:5px;margin-left:0px;\"><h2 class=\"title-heading-left fusion-responsive-typography-calculated\" style=\"margin:0;--fontSize:18;--minFontSize:18px;line-height:1.5;\">Komplette Aufzugsanlagen<\/h2><\/div><div class=\"fusion-text fusion-text-10\"><p>Know-How und Erfahrung unserer Mitarbeiter erm\u00f6glichen die Herstellung der anspruchsvollsten und einzigartigen Aufz\u00fcge Ihren W\u00fcnschen entsprechend. Wir sind vor Allem sowohl auf die Herstellung von Panorama- und Lastenaufz\u00fcgen mit gro\u00dfer Tragkraft als auch die Herstellung von Aufz\u00fcgen f\u00fcr bestehende Geb\u00e4ude spezialisiert. Wir liefern komplette Aufzugsanlagen oder Komponenten f\u00fcr verschiedene Montagefirmen und zahlreiche internationale Unternehmen.<\/p>\n<\/div><div class=\"fusion-clearfix\"><\/div><\/div><span class=\"fusion-column-inner-bg hover-type-none\"><a class=\"fusion-column-anchor\" href=\"\/kompletna-dizala\"><span class=\"fusion-column-inner-bg-image\" style=\"background-position:left top;background-repeat:no-repeat;-webkit-background-size:cover;-moz-background-size:cover;-o-background-size:cover;background-size:cover;\"><\/span><\/a><\/span><\/div><div class=\"fusion-layout-column fusion_builder_column fusion-builder-column-10 fusion_builder_column_1_3 1_3 fusion-one-third fusion-column-inner-bg-wrapper fusion-animated\" style=\"width:33.333333333333%;width:calc(33.333333333333% - ( ( 4% + 4% ) * 0.33333333333333 ) );margin-right: 4%;margin-top:0px;margin-bottom:20px;\" data-animationType=\"fadeInUp\" data-animationDuration=\"0.3\" data-animationOffset=\"top-into-view\"><div class=\"fusion-column-wrapper fusion-flex-column-wrapper-legacy\" style=\"padding: 0px 0px 0px 0px;\"><div class=\"imageframe-align-center\"><span class=\" fusion-imageframe imageframe-none imageframe-8 hover-type-none proizvod-slika\"><img decoding=\"async\" width=\"1024\" height=\"684\" title=\"SIGET_DIZALA_kabina\" src=\"http:\/\/siget-dizala.hr\/wp-content\/uploads\/2017\/02\/SIGET_DIZALA_kabina-1024x684.jpg\" alt class=\"img-responsive wp-image-12800\" srcset=\"https:\/\/siget-dizala.hr\/wp-content\/uploads\/2017\/02\/SIGET_DIZALA_kabina-200x134.jpg 200w, https:\/\/siget-dizala.hr\/wp-content\/uploads\/2017\/02\/SIGET_DIZALA_kabina-400x267.jpg 400w, https:\/\/siget-dizala.hr\/wp-content\/uploads\/2017\/02\/SIGET_DIZALA_kabina-600x401.jpg 600w, https:\/\/siget-dizala.hr\/wp-content\/uploads\/2017\/02\/SIGET_DIZALA_kabina-800x534.jpg 800w, https:\/\/siget-dizala.hr\/wp-content\/uploads\/2017\/02\/SIGET_DIZALA_kabina-1200x801.jpg 1200w, https:\/\/siget-dizala.hr\/wp-content\/uploads\/2017\/02\/SIGET_DIZALA_kabina.jpg 2500w\" sizes=\"(max-width: 800px) 100vw, 400px\" \/><\/span><\/div><style type=\"text\/css\"><\/style><div class=\"fusion-title title fusion-title-8 fusion-sep-none fusion-title-text fusion-title-size-two\" style=\"margin-top:10px;margin-right:0px;margin-bottom:5px;margin-left:0px;\"><h2 class=\"title-heading-left fusion-responsive-typography-calculated\" style=\"margin:0;--fontSize:18;--minFontSize:18px;line-height:1.5;\">Aufzugskomponenten<\/h2><\/div><div class=\"fusion-text fusion-text-11\"><p>Nach Kundenw\u00fcnschen k\u00f6nnen wir komplette Aufz\u00fcge produzieren oder nur die notwendigen Komponenten wie Kabinen, Kabinenrahmen, Ein- und Zweifl\u00fcgel-Dreht\u00fcren, Grundrahmen, F\u00fchrungskonsolen und andere mechanische Teile. Unsere Produkte werden f\u00fcr die Remontage und Modernisierung von Aufz\u00fcgen sowie Installation von neuen Aufz\u00fcgen eingesetzt.<\/p>\n<\/div><div class=\"fusion-clearfix\"><\/div><\/div><span class=\"fusion-column-inner-bg hover-type-none\"><a class=\"fusion-column-anchor\" href=\"\/komponente-dizala\/\"><span class=\"fusion-column-inner-bg-image\" style=\"background-position:left top;background-repeat:no-repeat;-webkit-background-size:cover;-moz-background-size:cover;-o-background-size:cover;background-size:cover;\"><\/span><\/a><\/span><\/div><div class=\"fusion-layout-column fusion_builder_column fusion-builder-column-11 fusion_builder_column_1_3 1_3 fusion-one-third fusion-column-last fusion-column-inner-bg-wrapper fusion-animated\" style=\"width:33.333333333333%;width:calc(33.333333333333% - ( ( 4% + 4% ) * 0.33333333333333 ) );margin-top:0px;margin-bottom:20px;\" data-animationType=\"fadeInLeft\" data-animationDuration=\"0.3\" data-animationOffset=\"top-into-view\"><div class=\"fusion-column-wrapper fusion-flex-column-wrapper-legacy\" style=\"padding: 0px 0px 0px 0px;\"><div class=\"fusion-column-content-centered\"><div class=\"fusion-column-content\"><div class=\"imageframe-align-center\"><span class=\" fusion-imageframe imageframe-none imageframe-9 hover-type-none proizvod-slika\"><img decoding=\"async\" width=\"1024\" height=\"678\" title=\"SIGET_DIZALA_Konstrukcije\" src=\"http:\/\/siget-dizala.hr\/wp-content\/uploads\/2017\/02\/SIGET_DIZALA_Konstrukcije-1024x678.jpg\" alt class=\"img-responsive wp-image-12801\" srcset=\"https:\/\/siget-dizala.hr\/wp-content\/uploads\/2017\/02\/SIGET_DIZALA_Konstrukcije-200x132.jpg 200w, https:\/\/siget-dizala.hr\/wp-content\/uploads\/2017\/02\/SIGET_DIZALA_Konstrukcije-400x265.jpg 400w, https:\/\/siget-dizala.hr\/wp-content\/uploads\/2017\/02\/SIGET_DIZALA_Konstrukcije-600x397.jpg 600w, https:\/\/siget-dizala.hr\/wp-content\/uploads\/2017\/02\/SIGET_DIZALA_Konstrukcije-800x530.jpg 800w, https:\/\/siget-dizala.hr\/wp-content\/uploads\/2017\/02\/SIGET_DIZALA_Konstrukcije-1200x794.jpg 1200w, https:\/\/siget-dizala.hr\/wp-content\/uploads\/2017\/02\/SIGET_DIZALA_Konstrukcije.jpg 1920w\" sizes=\"(max-width: 800px) 100vw, 400px\" \/><\/span><\/div><style type=\"text\/css\"><\/style><div class=\"fusion-title title fusion-title-9 fusion-sep-none fusion-title-text fusion-title-size-two\" style=\"margin-top:10px;margin-right:0px;margin-bottom:5px;margin-left:0px;\"><h2 class=\"title-heading-left fusion-responsive-typography-calculated\" style=\"margin:0;--fontSize:18;--minFontSize:18px;line-height:1.5;\">Konstruktionen<\/h2><\/div><div class=\"fusion-text fusion-text-12\"><p>Falls es in einem Geb\u00e4ude keinen gemauerten Aufzugschacht gibt, stellen wir einen Aufzug durch Montage einer Stahlstruktur auf den Aufzug her, die die Funktion des Aufzugschachtes aufweist. Auf Nachfrage fertigen wir Konstruktionen f\u00fcr Mobilfunknetzbetreiber, Antennentr\u00e4ger und Antennenmaste sowie Auffahrschienen f\u00fcr Fahrr\u00e4der.<\/p>\n<\/div><\/div><\/div><div class=\"fusion-clearfix\"><\/div><\/div><span class=\"fusion-column-inner-bg hover-type-none\"><a class=\"fusion-column-anchor\" href=\"\/konstrukcije\/\"><span class=\"fusion-column-inner-bg-image\" style=\"background-color:rgba(198,198,198,0);background-position:left top;background-repeat:no-repeat;-webkit-background-size:cover;-moz-background-size:cover;-o-background-size:cover;background-size:cover;\"><\/span><\/a><\/span><\/div><\/div><\/div><div class=\"fusion-fullwidth fullwidth-box fusion-builder-row-7 fusion-flex-container nonhundred-percent-fullwidth non-hundred-percent-height-scrolling\" style=\"background-color: #ffffff;background-position: center center;background-repeat: no-repeat;border-width: 0px 0px 0px 0px;border-color:#eae9e9;border-style:solid;\" ><div class=\"fusion-builder-row fusion-row fusion-flex-align-items-flex-start\" style=\"max-width:1144px;margin-left: calc(-4% \/ 2 );margin-right: calc(-4% \/ 2 );\"><div class=\"fusion-layout-column fusion_builder_column fusion-builder-column-12 fusion_builder_column_1_1 1_1 fusion-flex-column\"><div class=\"fusion-column-wrapper fusion-flex-justify-content-flex-start fusion-content-layout-column\" style=\"background-position:left top;background-repeat:no-repeat;-webkit-background-size:cover;-moz-background-size:cover;-o-background-size:cover;background-size:cover;padding: 0px 0px 0px 0px;\"><div class=\"fusion-text fusion-text-13\"><p><\/p>\n<\/div><\/div><style type=\"text\/css\">.fusion-body .fusion-builder-column-12{width:100% !important;margin-top : 0px;margin-bottom : 0px;}.fusion-builder-column-12 > .fusion-column-wrapper {padding-top : 0px !important;padding-right : 0px !important;margin-right : 1.92%;padding-bottom : 0px !important;padding-left : 0px !important;margin-left : 1.92%;}@media only screen and (max-width:1024px) {.fusion-body .fusion-builder-column-12{width:100% !important;}.fusion-builder-column-12 > .fusion-column-wrapper {margin-right : 1.92%;margin-left : 1.92%;}}@media only screen and (max-width:640px) {.fusion-body .fusion-builder-column-12{width:100% !important;}.fusion-builder-column-12 > .fusion-column-wrapper {margin-right : 1.92%;margin-left : 1.92%;}}<\/style><\/div><\/div><style type=\"text\/css\">.fusion-body .fusion-flex-container.fusion-builder-row-7{ padding-top : 0px;margin-top : 0px;padding-right : 0px;padding-bottom : 0px;margin-bottom : 0px;padding-left : 0px;}<\/style><\/div><\/p>","protected":false},"excerpt":{"rendered":"","protected":false},"author":1,"featured_media":0,"parent":0,"menu_order":0,"comment_status":"closed","ping_status":"closed","template":"100-width.php","meta":{"footnotes":""},"class_list":["post-11980","page","type-page","status-publish","hentry"],"_links":{"self":[{"href":"https:\/\/siget-dizala.hr\/de\/wp-json\/wp\/v2\/pages\/11980","targetHints":{"allow":["GET"]}}],"collection":[{"href":"https:\/\/siget-dizala.hr\/de\/wp-json\/wp\/v2\/pages"}],"about":[{"href":"https:\/\/siget-dizala.hr\/de\/wp-json\/wp\/v2\/types\/page"}],"author":[{"embeddable":true,"href":"https:\/\/siget-dizala.hr\/de\/wp-json\/wp\/v2\/users\/1"}],"replies":[{"embeddable":true,"href":"https:\/\/siget-dizala.hr\/de\/wp-json\/wp\/v2\/comments?post=11980"}],"version-history":[{"count":38,"href":"https:\/\/siget-dizala.hr\/de\/wp-json\/wp\/v2\/pages\/11980\/revisions"}],"predecessor-version":[{"id":13489,"href":"https:\/\/siget-dizala.hr\/de\/wp-json\/wp\/v2\/pages\/11980\/revisions\/13489"}],"wp:attachment":[{"href":"https:\/\/siget-dizala.hr\/de\/wp-json\/wp\/v2\/media?parent=11980"}],"curies":[{"name":"wp","href":"https:\/\/api.w.org\/{rel}","templated":true}]}}